{"id":12635,"date":"2026-01-24T18:43:46","date_gmt":"2026-01-24T18:43:46","guid":{"rendered":"http:\/\/www.nepomucen.com.pl\/?page_id=12635"},"modified":"2026-02-21T18:39:33","modified_gmt":"2026-02-21T18:39:33","slug":"archiwum-2026","status":"publish","type":"page","link":"http:\/\/www.nepomucen.com.pl\/?page_id=12635","title":{"rendered":"Archiwum 2026"},"content":{"rendered":"\n<div class=\"wp-block-columns alignfull has-text-color has-background is-layout-flex wp-container-core-columns-is-layout-1 wp-block-columns-is-layout-flex\" style=\"color:#000000;background-color:#ffffff\">\n<div class=\"wp-block-column is-layout-flow wp-block-column-is-layout-flow\">\n<h3 class=\"wp-block-heading\" style=\"font-size:24px;line-height:1.3\"><\/h3>\n\n\n\n<p><\/p>\n<\/div>\n\n\n\n<div class=\"wp-block-column is-layout-flow wp-block-column-is-layout-flow\">\n<p style=\"font-size:15px\"><img loading=\"lazy\" decoding=\"async\" width=\"220\" height=\"134\" class=\"wp-image-12007\" style=\"width: 220px;\" src=\"http:\/\/www.nepomucen.com.pl\/wp-content\/uploads\/2025\/10\/Zrzut-ekranu-2025-10-12-184343.aa_.jpg\" alt=\"\" srcset=\"http:\/\/www.nepomucen.com.pl\/wp-content\/uploads\/2025\/10\/Zrzut-ekranu-2025-10-12-184343.aa_.jpg 306w, http:\/\/www.nepomucen.com.pl\/wp-content\/uploads\/2025\/10\/Zrzut-ekranu-2025-10-12-184343.aa_-300x182.jpg 300w\" sizes=\"auto, (max-width: 220px) 100vw, 220px\" \/><strong>KOMUNIKAT METROPOLITY KATOWICKIEGO<br>O \u015aWI\u0118CENIACH DIAKONATU &#8211; 22.02.2026<\/strong><\/p>\n\n\n\n<p><a href=\"http:\/\/www.nepomucen.com.pl\/?p=12828\">Czytaj wi\u0119cej&#8230;<\/a><\/p>\n<\/div>\n\n\n\n<div class=\"wp-block-column is-layout-flow wp-block-column-is-layout-flow\">\n<p style=\"font-size:15px\"><img loading=\"lazy\" decoding=\"async\" width=\"220\" height=\"134\" class=\"wp-image-12007\" style=\"width: 220px;\" src=\"http:\/\/www.nepomucen.com.pl\/wp-content\/uploads\/2025\/10\/Zrzut-ekranu-2025-10-12-184343.aa_.jpg\" alt=\"\" srcset=\"http:\/\/www.nepomucen.com.pl\/wp-content\/uploads\/2025\/10\/Zrzut-ekranu-2025-10-12-184343.aa_.jpg 306w, http:\/\/www.nepomucen.com.pl\/wp-content\/uploads\/2025\/10\/Zrzut-ekranu-2025-10-12-184343.aa_-300x182.jpg 300w\" sizes=\"auto, (max-width: 220px) 100vw, 220px\" \/><strong>LIST PASTERSKI ARCYBISKUPA METROPOLITY KATOWICKIEGO NA WIELKI POST 2026<\/strong><\/p>\n\n\n\n<p><a href=\"http:\/\/www.nepomucen.com.pl\/?p=12834\">Czytaj wi\u0119cej&#8230;<\/a><\/p>\n<\/div>\n<\/div>\n\n\n\n<div class=\"wp-block-columns alignfull has-text-color has-background is-layout-flex wp-container-core-columns-is-layout-2 wp-block-columns-is-layout-flex\" style=\"color:#000000;background-color:#ffffff\">\n<div class=\"wp-block-column is-layout-flow wp-block-column-is-layout-flow\">\n<p style=\"font-size:15px\"><img loading=\"lazy\" decoding=\"async\" width=\"220\" height=\"134\" class=\"wp-image-12007\" style=\"width: 220px;\" src=\"http:\/\/www.nepomucen.com.pl\/wp-content\/uploads\/2025\/10\/Zrzut-ekranu-2025-10-12-184343.aa_.jpg\" alt=\"\" srcset=\"http:\/\/www.nepomucen.com.pl\/wp-content\/uploads\/2025\/10\/Zrzut-ekranu-2025-10-12-184343.aa_.jpg 306w, http:\/\/www.nepomucen.com.pl\/wp-content\/uploads\/2025\/10\/Zrzut-ekranu-2025-10-12-184343.aa_-300x182.jpg 300w\" sizes=\"auto, (max-width: 220px) 100vw, 220px\" \/><strong>KOMUNIKAT KS. ABP. ANDRZEJA PRZYBYLSKIEGO DOTYCZ\u0104CY ZBI\u00d3RKI NA UKRAIN\u0118 &#8211; 15.02.2026<\/strong><\/p>\n\n\n\n<p><a href=\"http:\/\/www.nepomucen.com.pl\/?p=12802\">Czytaj wi\u0119cej&#8230;<\/a><\/p>\n<\/div>\n\n\n\n<div class=\"wp-block-column is-layout-flow wp-block-column-is-layout-flow\">\n<p style=\"font-size:15px\"><strong>WIZYTACJA BISKUPIA &#8211; 6\/8.02.2026<\/strong><\/p>\n\n\n\n<p>Czytaj wi\u0119cej&#8230;<\/p>\n<\/div>\n\n\n\n<div class=\"wp-block-column is-layout-flow wp-block-column-is-layout-flow\">\n<p style=\"font-size:15px\"><img loading=\"lazy\" decoding=\"async\" width=\"220\" height=\"132\" class=\"wp-image-12678\" style=\"width: 220px;\" src=\"http:\/\/www.nepomucen.com.pl\/wp-content\/uploads\/2026\/01\/IMG_8048.aa_-scaled.jpg\" alt=\"\" srcset=\"http:\/\/www.nepomucen.com.pl\/wp-content\/uploads\/2026\/01\/IMG_8048.aa_-scaled.jpg 2560w, http:\/\/www.nepomucen.com.pl\/wp-content\/uploads\/2026\/01\/IMG_8048.aa_-300x180.jpg 300w, http:\/\/www.nepomucen.com.pl\/wp-content\/uploads\/2026\/01\/IMG_8048.aa_-1024x614.jpg 1024w, http:\/\/www.nepomucen.com.pl\/wp-content\/uploads\/2026\/01\/IMG_8048.aa_-768x461.jpg 768w, http:\/\/www.nepomucen.com.pl\/wp-content\/uploads\/2026\/01\/IMG_8048.aa_-1536x922.jpg 1536w, http:\/\/www.nepomucen.com.pl\/wp-content\/uploads\/2026\/01\/IMG_8048.aa_-2048x1229.jpg 2048w\" sizes=\"auto, (max-width: 220px) 100vw, 220px\" \/><strong>NOWO MIANOWANI ANIMATORZY &#8211; 31.01.2026<\/strong><\/p>\n\n\n\n<p><a href=\"http:\/\/www.nepomucen.com.pl\/?p=12808\">Czytaj wi\u0119cej&#8230;<\/a><\/p>\n<\/div>\n<\/div>\n\n\n\n<div class=\"wp-block-columns alignfull has-text-color has-background is-layout-flex wp-container-core-columns-is-layout-3 wp-block-columns-is-layout-flex\" style=\"color:#000000;background-color:#ffffff\">\n<div class=\"wp-block-column is-layout-flow wp-block-column-is-layout-flow\">\n<p style=\"font-size:15px\"><img loading=\"lazy\" decoding=\"async\" width=\"220\" height=\"132\" class=\"wp-image-12658\" style=\"width: 220px;\" src=\"http:\/\/www.nepomucen.com.pl\/wp-content\/uploads\/2026\/01\/Zrzut-ekranu-2026-01-20-190502.aa_.jpg\" alt=\"\" srcset=\"http:\/\/www.nepomucen.com.pl\/wp-content\/uploads\/2026\/01\/Zrzut-ekranu-2026-01-20-190502.aa_.jpg 685w, http:\/\/www.nepomucen.com.pl\/wp-content\/uploads\/2026\/01\/Zrzut-ekranu-2026-01-20-190502.aa_-300x180.jpg 300w\" sizes=\"auto, (max-width: 220px) 100vw, 220px\" \/><strong>21.01.2026 \u2013 URODZINY KSI\u0118DZA PROBOSZCZA<\/strong><\/p>\n\n\n\n<p><a href=\"http:\/\/www.nepomucen.com.pl\/?p=12654\">Czytaj wi\u0119cej&#8230;<\/a><\/p>\n<\/div>\n\n\n\n<div class=\"wp-block-column is-layout-flow wp-block-column-is-layout-flow\">\n<p style=\"font-size:15px\"><img loading=\"lazy\" decoding=\"async\" width=\"220\" height=\"132\" class=\"wp-image-12679\" style=\"width: 220px;\" src=\"http:\/\/www.nepomucen.com.pl\/wp-content\/uploads\/2026\/01\/DSC_0277.aa_.jpg\" alt=\"\" srcset=\"http:\/\/www.nepomucen.com.pl\/wp-content\/uploads\/2026\/01\/DSC_0277.aa_.jpg 1945w, http:\/\/www.nepomucen.com.pl\/wp-content\/uploads\/2026\/01\/DSC_0277.aa_-300x180.jpg 300w, http:\/\/www.nepomucen.com.pl\/wp-content\/uploads\/2026\/01\/DSC_0277.aa_-1024x614.jpg 1024w, http:\/\/www.nepomucen.com.pl\/wp-content\/uploads\/2026\/01\/DSC_0277.aa_-768x461.jpg 768w, http:\/\/www.nepomucen.com.pl\/wp-content\/uploads\/2026\/01\/DSC_0277.aa_-1536x922.jpg 1536w\" sizes=\"auto, (max-width: 220px) 100vw, 220px\" \/><strong>18.01.2026 \u2013 WIECZ\u00d3R KOL\u0118DOWY: CH\u00d3R \u201cCANTATE DOMINUM\u201d, SOLISTKI JULIA CYRAN, ANNA PAWLICZEK ORAZ CH\u00d3R &#8220;OD SERCA&#8221;<\/strong><\/p>\n\n\n\n<p><a href=\"http:\/\/www.nepomucen.com.pl\/?p=12744\">Czytaj wi\u0119cej&#8230;<\/a><\/p>\n<\/div>\n\n\n\n<div class=\"wp-block-column is-layout-flow wp-block-column-is-layout-flow\">\n<p style=\"font-size:15px\"><img loading=\"lazy\" decoding=\"async\" width=\"220\" height=\"132\" class=\"wp-image-12536\" style=\"width: 220px;\" src=\"http:\/\/www.nepomucen.com.pl\/wp-content\/uploads\/2026\/01\/orszak71-1767715359.aa_.jpg.jpg\" alt=\"\" srcset=\"http:\/\/www.nepomucen.com.pl\/wp-content\/uploads\/2026\/01\/orszak71-1767715359.aa_.jpg.jpg 745w, http:\/\/www.nepomucen.com.pl\/wp-content\/uploads\/2026\/01\/orszak71-1767715359.aa_.jpg-300x180.jpg 300w\" sizes=\"auto, (max-width: 220px) 100vw, 220px\" \/><strong>ORSZAK TRZECH KR\u00d3LI &#8211; 06.01.2026<\/strong><\/p>\n\n\n\n<p><a href=\"http:\/\/www.nepomucen.com.pl\/?p=12639\">Czytaj wi\u0119cej&#8230;<\/a><\/p>\n<\/div>\n<\/div>\n","protected":false},"excerpt":{"rendered":"<p>KOMUNIKAT METROPOLITY KATOWICKIEGOO \u015aWI\u0118CENIACH DIAKONATU &#8211; 22.02.2026 Czytaj wi\u0119cej&#8230; LIST PASTERSKI ARCYBISKUPA METROPOLITY KATOWICKIEGO NA WIELKI POST 2026 Czytaj wi\u0119cej&#8230; KOMUNIKAT KS. ABP. ANDRZEJA PRZYBYLSKIEGO DOTYCZ\u0104CY ZBI\u00d3RKI NA UKRAIN\u0118 &#8211; 15.02.2026 Czytaj wi\u0119cej&#8230; WIZYTACJA BISKUPIA &#8211; 6\/8.02.2026 Czytaj wi\u0119cej&#8230; NOWO MIANOWANI ANIMATORZY &#8211; 31.01.2026 Czytaj wi\u0119cej&#8230; 21.01.2026 \u2013 URODZINY KSI\u0118DZA PROBOSZCZA Czytaj wi\u0119cej&#8230; 18.01.2026 \u2013 &hellip; <a href=\"http:\/\/www.nepomucen.com.pl\/?page_id=12635\" class=\"more-link\">Continue reading <span class=\"screen-reader-text\">Archiwum 2026<\/span><\/a><\/p>\n","protected":false},"author":3,"featured_media":0,"parent":0,"menu_order":0,"comment_status":"closed","ping_status":"closed","template":"","meta":{"footnotes":""},"class_list":["post-12635","page","type-page","status-publish","hentry"],"_links":{"self":[{"href":"http:\/\/www.nepomucen.com.pl\/index.php?rest_route=\/wp\/v2\/pages\/12635","targetHints":{"allow":["GET"]}}],"collection":[{"href":"http:\/\/www.nepomucen.com.pl\/index.php?rest_route=\/wp\/v2\/pages"}],"about":[{"href":"http:\/\/www.nepomucen.com.pl\/index.php?rest_route=\/wp\/v2\/types\/page"}],"author":[{"embeddable":true,"href":"http:\/\/www.nepomucen.com.pl\/index.php?rest_route=\/wp\/v2\/users\/3"}],"replies":[{"embeddable":true,"href":"http:\/\/www.nepomucen.com.pl\/index.php?rest_route=%2Fwp%2Fv2%2Fcomments&post=12635"}],"version-history":[{"count":9,"href":"http:\/\/www.nepomucen.com.pl\/index.php?rest_route=\/wp\/v2\/pages\/12635\/revisions"}],"predecessor-version":[{"id":12837,"href":"http:\/\/www.nepomucen.com.pl\/index.php?rest_route=\/wp\/v2\/pages\/12635\/revisions\/12837"}],"wp:attachment":[{"href":"http:\/\/www.nepomucen.com.pl\/index.php?rest_route=%2Fwp%2Fv2%2Fmedia&parent=12635"}],"curies":[{"name":"wp","href":"https:\/\/api.w.org\/{rel}","templated":true}]}}