{"id":1568,"date":"2021-01-24T20:35:45","date_gmt":"2021-01-24T20:35:45","guid":{"rendered":"http:\/\/www.nepomucen.com.pl\/?page_id=1568"},"modified":"2021-02-14T17:46:38","modified_gmt":"2021-02-14T17:46:38","slug":"msza-na-wodzie","status":"publish","type":"page","link":"http:\/\/www.nepomucen.com.pl\/?page_id=1568","title":{"rendered":"Msza na wodzie"},"content":{"rendered":"\n<p>Ta niecodzienna Eucharystia, co roku przyci\u0105ga liczne grono \u017ceglarzy, nie tylko z Rybnika, ale i z ca\u0142ego regionu. We Mszy \u015awi\u0119tej uczestnicz\u0105 zawsze cz\u0142onkowie lokalnych dru\u017cyn \u017ceglarskich, ratownicy WOPR, oraz setki mieszka\u0144c\u00f3w okolicznych miejscowo\u015bci.<\/p>\n\n\n\n<p><br>Msz\u0119 na wodzie zapocz\u0105tkowa\u0142 ks. Grzegorz Jagie\u0142, zapalony \u017ceglarz. Pomys\u0142 zorganizowania takiej mszy zrodzi\u0142 si\u0119 na jachcie Drops 2. Ksi\u0105dz opowiada\u0142 w jednym z wywiad\u00f3w, \u017ce gdy przyby\u0142 do parafii w Chwa\u0142\u0119cicach, chcia\u0142 po prostu pop\u0142ywa\u0107. Wtedy to ze strony \u017ceglarzy pad\u0142o zapytanie, czy mo\u017cna odprawi\u0107 msz\u0119 na jachcie\u2026 no i nie trzeba by\u0142o d\u0142ugo czeka\u0107. W pierwszej Mszy \u015awi\u0119tej, kt\u00f3ra odby\u0142a si\u0119 na terenie o\u015brodka Klubu \u017beglarskiego \u201eKoga-Kotwica\u201d w 2008 roku wzi\u0119\u0142o udzia\u0142 ponad 600 wiernych. W czasie Eucharystii wierni zebrani s\u0105 nie tylko na nabrze\u017cach o\u015brodka, ale te\u017c w \u017cagl\u00f3wkach, \u0142\u00f3dkach czy motor\u00f3wkach. <\/p>\n\n\n\n<p>P\u0142ywaj\u0105cy o\u0142tarz jest umieszczony na platformie osadzonej na dw\u00f3ch \u0142odziach typu Omega. Wystr\u00f3j o\u0142tarza nawi\u0105zuje do \u017ceglarskich akcent\u00f3w. Pocz\u0105tkowo krzy\u017c wykonany by\u0142 z dw\u00f3ch wiose\u0142, natomiast od 2015 roku krzy\u017c z wiose\u0142 zast\u0105pi\u0142 prosty, drewniany, ozdobiony jedynie ko\u0142em ratunkowym. Szczeg\u00f3lne miejsce przy o\u0142tarzu zajmuj\u0105 relikwie \u015bw. Jana Nepomucena, kt\u00f3re s\u0105 uroczy\u015bcie przewo\u017cone \u0142odzi\u0105 przez Rybnicki Hufiec Harcerzy Wodniak\u00f3w do o\u0142tarza. Podczas podp\u0142yni\u0119cia harcerzy z relikwiami, ch\u00f3ry od\u015bpiewuj\u0105 hymn &#8220;Gaude Mater Polonia&#8221;. Relikwie zawsze towarzysz\u0105 ka\u017cdej Mszy \u015awi\u0119tej. Eucharystia jest u\u015bwietniona wyst\u0119pami ch\u00f3rzyst\u00f3w z kilku po\u0142\u0105czonych rybnickich grup, oraz orkiestry d\u0119tej. <\/p>\n\n\n\n<figure class=\"wp-block-gallery columns-3 is-cropped wp-block-gallery-1 is-layout-flex wp-block-gallery-is-layout-flex\"><ul class=\"blocks-gallery-grid\"><li class=\"blocks-gallery-item\"><figure><a href=\"http:\/\/www.nepomucen.com.pl\/wp-content\/uploads\/2021\/02\/Przechwytywanie-3.jpg\"><img loading=\"lazy\" decoding=\"async\" width=\"817\" height=\"551\" src=\"http:\/\/www.nepomucen.com.pl\/wp-content\/uploads\/2021\/02\/Przechwytywanie-3.jpg\" alt=\"\" data-id=\"1941\" data-full-url=\"http:\/\/www.nepomucen.com.pl\/wp-content\/uploads\/2021\/02\/Przechwytywanie-3.jpg\" data-link=\"http:\/\/www.nepomucen.com.pl\/?attachment_id=1941\" class=\"wp-image-1941\" srcset=\"http:\/\/www.nepomucen.com.pl\/wp-content\/uploads\/2021\/02\/Przechwytywanie-3.jpg 817w, http:\/\/www.nepomucen.com.pl\/wp-content\/uploads\/2021\/02\/Przechwytywanie-3-300x202.jpg 300w, http:\/\/www.nepomucen.com.pl\/wp-content\/uploads\/2021\/02\/Przechwytywanie-3-768x518.jpg 768w\" sizes=\"auto, (max-width: 817px) 100vw, 817px\" \/><\/a><\/figure><\/li><li class=\"blocks-gallery-item\"><figure><a href=\"http:\/\/www.nepomucen.com.pl\/wp-content\/uploads\/2021\/02\/Przechwytywanie2-2.jpg\"><img loading=\"lazy\" decoding=\"async\" width=\"318\" height=\"484\" src=\"http:\/\/www.nepomucen.com.pl\/wp-content\/uploads\/2021\/02\/Przechwytywanie2-2.jpg\" alt=\"\" data-id=\"1942\" data-full-url=\"http:\/\/www.nepomucen.com.pl\/wp-content\/uploads\/2021\/02\/Przechwytywanie2-2.jpg\" data-link=\"http:\/\/www.nepomucen.com.pl\/?attachment_id=1942\" class=\"wp-image-1942\" srcset=\"http:\/\/www.nepomucen.com.pl\/wp-content\/uploads\/2021\/02\/Przechwytywanie2-2.jpg 318w, http:\/\/www.nepomucen.com.pl\/wp-content\/uploads\/2021\/02\/Przechwytywanie2-2-197x300.jpg 197w\" sizes=\"auto, (max-width: 318px) 100vw, 318px\" \/><\/a><\/figure><\/li><li class=\"blocks-gallery-item\"><figure><a href=\"http:\/\/www.nepomucen.com.pl\/wp-content\/uploads\/2021\/02\/Przechwytywanie3-2.jpg\"><img loading=\"lazy\" decoding=\"async\" width=\"682\" height=\"474\" src=\"http:\/\/www.nepomucen.com.pl\/wp-content\/uploads\/2021\/02\/Przechwytywanie3-2.jpg\" alt=\"\" data-id=\"1943\" data-full-url=\"http:\/\/www.nepomucen.com.pl\/wp-content\/uploads\/2021\/02\/Przechwytywanie3-2.jpg\" data-link=\"http:\/\/www.nepomucen.com.pl\/?attachment_id=1943\" class=\"wp-image-1943\" srcset=\"http:\/\/www.nepomucen.com.pl\/wp-content\/uploads\/2021\/02\/Przechwytywanie3-2.jpg 682w, http:\/\/www.nepomucen.com.pl\/wp-content\/uploads\/2021\/02\/Przechwytywanie3-2-300x209.jpg 300w\" sizes=\"auto, (max-width: 682px) 100vw, 682px\" \/><\/a><\/figure><\/li><\/ul><\/figure>\n\n\n\n<p>W 2011 roku Msza \u015awi\u0119ta by\u0142a msz\u0105 dzi\u0119kczynn\u0105 za beatyfikacj\u0119 Jana Paw\u0142a II. Wyj\u0105tkowa by\u0142a tak\u017ce sz\u00f3sta Msza \u015awi\u0119ta w 2013 roku, celebrowana przez metropolit\u0119 katowickiego arcybiskupa Wiktora Skworca. Wtedy te\u017c po raz pierwszy pojawi\u0142o si\u0119 has\u0142o przy\u015bwiecaj\u0105ce mszy \u2013 \u201eTylko wierz&#8221;. W tym samym 2013 roku ks. Grzegorz Jagie\u0142 uzyska\u0142 tytu\u0142 kapelana \u017ceglarzy i ratownik\u00f3w wodnych rejonu Rybnika. W kolejnych latach has\u0142a Mszy \u015awi\u0119tej nawi\u0105zywa\u0142y do r\u00f3\u017cnych wydarze\u0144 m.in. do obchod\u00f3w stulecia objawie\u0144 fatimskich &#8211; 2017 rok -\u201eFatima \u2013 \u015bwiat\u0142o w ciemno\u015bci\u201d, a w 2019 roku pojawi\u0142o si\u0119 has\u0142o &#8220;Na wodzie w mocy Ducha&#8221;, kt\u00f3re nawi\u0105zywa\u0142o do tematyki roku duszpasterskiego. Mszy \u015awi\u0119tej przewodniczy\u0142 bp Grzegorz Olszowski.<\/p>\n\n\n\n<p><br>&#8220;Msza na wodzie&#8221; odbywa si\u0119 corocznie od 2008 roku, tradycyjnie w ostatni\u0105 niedziel\u0119 czerwca, w niepowtarzalnej scenerii Zalewu Rybnickiego. Nabo\u017ce\u0144stwo jest modlitw\u0105 \u017ceglarzy i mieszka\u0144c\u00f3w Rybnika za siebie, oraz za tych, kt\u00f3rzy uton\u0119li w wodach Zalewu.<br>W ten spos\u00f3b \u017ceglarze, ratownicy modl\u0105 si\u0119 o spokojny sezon i wspominaj\u0105 tych, kt\u00f3rzy odeszli ju\u017c na wieczn\u0105 wacht\u0119.<br>Ciekawostk\u0105 jest fakt, \u017ce od roku 2008 nie odnotowano \u017cadnego utoni\u0119cia na Zalewie Rybnickim.<\/p>\n\n\n\n<p><br><strong>&#8220;<em>Tysi\u0105ce os\u00f3b, kt\u00f3re gromadz\u0105 si\u0119 co roku na tej wyj\u0105tkowej Mszy \u015awi\u0119tej, pragn\u0105 prze\u017cywa\u0107 Eucharysti\u0119, kt\u00f3ra nawi\u0105zuje do czas\u00f3w ewangelicznych, kiedy Chrystus naucza\u0142 z \u0142odzi na jeziorze Genezaret<\/em>&#8220;<\/strong> &#8211; tak podsumowuje to niecodzienne nabo\u017ce\u0144stwo ks. Grzegorz Jagie\u0142.<\/p>\n\n\n\n<p><br>W 2020 roku po raz trzynasty planowano zorganizowa\u0107 msz\u0119 na wodach Zalewu Rybnickiego. Proboszcz parafii pw. \u015bw. Jana Nepomucena w Chwa\u0142\u0119cicach podj\u0105\u0142 odpowiedzialn\u0105 decyzj\u0119 o odwo\u0142aniu nabo\u017ce\u0144stwa, ze wzgl\u0119du na epidemi\u0119 koronawirusa.<\/p>\n\n\n\n<figure class=\"wp-block-gallery columns-3 is-cropped wp-block-gallery-2 is-layout-flex wp-block-gallery-is-layout-flex\"><ul class=\"blocks-gallery-grid\"><li class=\"blocks-gallery-item\"><figure><a href=\"http:\/\/www.nepomucen.com.pl\/wp-content\/uploads\/2021\/01\/Przechwytywanie1-10.jpg\"><img loading=\"lazy\" decoding=\"async\" width=\"695\" height=\"456\" src=\"http:\/\/www.nepomucen.com.pl\/wp-content\/uploads\/2021\/01\/Przechwytywanie1-10.jpg\" alt=\"\" data-id=\"1573\" data-link=\"http:\/\/www.nepomucen.com.pl\/?attachment_id=1573\" class=\"wp-image-1573\" srcset=\"http:\/\/www.nepomucen.com.pl\/wp-content\/uploads\/2021\/01\/Przechwytywanie1-10.jpg 695w, http:\/\/www.nepomucen.com.pl\/wp-content\/uploads\/2021\/01\/Przechwytywanie1-10-300x197.jpg 300w\" sizes=\"auto, (max-width: 695px) 100vw, 695px\" \/><\/a><\/figure><\/li><li class=\"blocks-gallery-item\"><figure><a href=\"http:\/\/www.nepomucen.com.pl\/wp-content\/uploads\/2021\/01\/Przechwytywanie4-9.jpg\"><img loading=\"lazy\" decoding=\"async\" width=\"815\" height=\"381\" src=\"http:\/\/www.nepomucen.com.pl\/wp-content\/uploads\/2021\/01\/Przechwytywanie4-9.jpg\" alt=\"\" data-id=\"1576\" data-link=\"http:\/\/www.nepomucen.com.pl\/?attachment_id=1576\" class=\"wp-image-1576\" srcset=\"http:\/\/www.nepomucen.com.pl\/wp-content\/uploads\/2021\/01\/Przechwytywanie4-9.jpg 815w, http:\/\/www.nepomucen.com.pl\/wp-content\/uploads\/2021\/01\/Przechwytywanie4-9-300x140.jpg 300w, http:\/\/www.nepomucen.com.pl\/wp-content\/uploads\/2021\/01\/Przechwytywanie4-9-768x359.jpg 768w\" sizes=\"auto, (max-width: 815px) 100vw, 815px\" \/><\/a><\/figure><\/li><li class=\"blocks-gallery-item\"><figure><a href=\"http:\/\/www.nepomucen.com.pl\/wp-content\/uploads\/2021\/01\/Przechwytywanie6-6.jpg\"><img loading=\"lazy\" decoding=\"async\" width=\"700\" height=\"483\" src=\"http:\/\/www.nepomucen.com.pl\/wp-content\/uploads\/2021\/01\/Przechwytywanie6-6.jpg\" alt=\"\" data-id=\"1578\" data-link=\"http:\/\/www.nepomucen.com.pl\/?attachment_id=1578\" class=\"wp-image-1578\" srcset=\"http:\/\/www.nepomucen.com.pl\/wp-content\/uploads\/2021\/01\/Przechwytywanie6-6.jpg 700w, http:\/\/www.nepomucen.com.pl\/wp-content\/uploads\/2021\/01\/Przechwytywanie6-6-300x207.jpg 300w\" sizes=\"auto, (max-width: 700px) 100vw, 700px\" \/><\/a><\/figure><\/li><li class=\"blocks-gallery-item\"><figure><a href=\"http:\/\/www.nepomucen.com.pl\/wp-content\/uploads\/2021\/01\/Przechwytywanie7-7.jpg\"><img loading=\"lazy\" decoding=\"async\" width=\"666\" height=\"434\" src=\"http:\/\/www.nepomucen.com.pl\/wp-content\/uploads\/2021\/01\/Przechwytywanie7-7.jpg\" alt=\"\" data-id=\"1585\" data-full-url=\"http:\/\/www.nepomucen.com.pl\/wp-content\/uploads\/2021\/01\/Przechwytywanie7-7.jpg\" data-link=\"http:\/\/www.nepomucen.com.pl\/?attachment_id=1585\" class=\"wp-image-1585\" srcset=\"http:\/\/www.nepomucen.com.pl\/wp-content\/uploads\/2021\/01\/Przechwytywanie7-7.jpg 666w, http:\/\/www.nepomucen.com.pl\/wp-content\/uploads\/2021\/01\/Przechwytywanie7-7-300x195.jpg 300w\" sizes=\"auto, (max-width: 666px) 100vw, 666px\" \/><\/a><\/figure><\/li><li class=\"blocks-gallery-item\"><figure><a href=\"http:\/\/www.nepomucen.com.pl\/wp-content\/uploads\/2021\/01\/Przechwytywanie8-5.jpg\"><img loading=\"lazy\" decoding=\"async\" width=\"741\" height=\"519\" src=\"http:\/\/www.nepomucen.com.pl\/wp-content\/uploads\/2021\/01\/Przechwytywanie8-5.jpg\" alt=\"\" data-id=\"1586\" data-full-url=\"http:\/\/www.nepomucen.com.pl\/wp-content\/uploads\/2021\/01\/Przechwytywanie8-5.jpg\" data-link=\"http:\/\/www.nepomucen.com.pl\/?attachment_id=1586\" class=\"wp-image-1586\" srcset=\"http:\/\/www.nepomucen.com.pl\/wp-content\/uploads\/2021\/01\/Przechwytywanie8-5.jpg 741w, http:\/\/www.nepomucen.com.pl\/wp-content\/uploads\/2021\/01\/Przechwytywanie8-5-300x210.jpg 300w\" sizes=\"auto, (max-width: 741px) 100vw, 741px\" \/><\/a><\/figure><\/li><li class=\"blocks-gallery-item\"><figure><a href=\"http:\/\/www.nepomucen.com.pl\/wp-content\/uploads\/2021\/01\/Przechwytywanie9-5.jpg\"><img loading=\"lazy\" decoding=\"async\" width=\"645\" height=\"377\" src=\"http:\/\/www.nepomucen.com.pl\/wp-content\/uploads\/2021\/01\/Przechwytywanie9-5.jpg\" alt=\"\" data-id=\"1587\" data-full-url=\"http:\/\/www.nepomucen.com.pl\/wp-content\/uploads\/2021\/01\/Przechwytywanie9-5.jpg\" data-link=\"http:\/\/www.nepomucen.com.pl\/?attachment_id=1587\" class=\"wp-image-1587\" srcset=\"http:\/\/www.nepomucen.com.pl\/wp-content\/uploads\/2021\/01\/Przechwytywanie9-5.jpg 645w, http:\/\/www.nepomucen.com.pl\/wp-content\/uploads\/2021\/01\/Przechwytywanie9-5-300x175.jpg 300w\" sizes=\"auto, (max-width: 645px) 100vw, 645px\" \/><\/a><\/figure><\/li><li class=\"blocks-gallery-item\"><figure><a href=\"http:\/\/www.nepomucen.com.pl\/wp-content\/uploads\/2021\/01\/Przechwytywanie11-4.jpg\"><img loading=\"lazy\" decoding=\"async\" width=\"590\" height=\"424\" src=\"http:\/\/www.nepomucen.com.pl\/wp-content\/uploads\/2021\/01\/Przechwytywanie11-4.jpg\" alt=\"\" data-id=\"1588\" data-full-url=\"http:\/\/www.nepomucen.com.pl\/wp-content\/uploads\/2021\/01\/Przechwytywanie11-4.jpg\" data-link=\"http:\/\/www.nepomucen.com.pl\/?attachment_id=1588\" class=\"wp-image-1588\" srcset=\"http:\/\/www.nepomucen.com.pl\/wp-content\/uploads\/2021\/01\/Przechwytywanie11-4.jpg 590w, http:\/\/www.nepomucen.com.pl\/wp-content\/uploads\/2021\/01\/Przechwytywanie11-4-300x216.jpg 300w\" sizes=\"auto, (max-width: 590px) 100vw, 590px\" \/><\/a><\/figure><\/li><\/ul><\/figure>\n","protected":false},"excerpt":{"rendered":"<p>Ta niecodzienna Eucharystia, co roku przyci\u0105ga liczne grono \u017ceglarzy, nie tylko z Rybnika, ale i z ca\u0142ego regionu. We Mszy \u015awi\u0119tej uczestnicz\u0105 zawsze cz\u0142onkowie lokalnych dru\u017cyn \u017ceglarskich, ratownicy WOPR, oraz setki mieszka\u0144c\u00f3w okolicznych miejscowo\u015bci. Msz\u0119 na wodzie zapocz\u0105tkowa\u0142 ks. Grzegorz Jagie\u0142, zapalony \u017ceglarz. Pomys\u0142 zorganizowania takiej mszy zrodzi\u0142 si\u0119 na jachcie Drops 2. Ksi\u0105dz opowiada\u0142 &hellip; <a href=\"http:\/\/www.nepomucen.com.pl\/?page_id=1568\" class=\"more-link\">Continue reading <span class=\"screen-reader-text\">Msza na wodzie<\/span><\/a><\/p>\n","protected":false},"author":3,"featured_media":0,"parent":0,"menu_order":0,"comment_status":"closed","ping_status":"closed","template":"","meta":{"footnotes":""},"class_list":["post-1568","page","type-page","status-publish","hentry"],"_links":{"self":[{"href":"http:\/\/www.nepomucen.com.pl\/index.php?rest_route=\/wp\/v2\/pages\/1568","targetHints":{"allow":["GET"]}}],"collection":[{"href":"http:\/\/www.nepomucen.com.pl\/index.php?rest_route=\/wp\/v2\/pages"}],"about":[{"href":"http:\/\/www.nepomucen.com.pl\/index.php?rest_route=\/wp\/v2\/types\/page"}],"author":[{"embeddable":true,"href":"http:\/\/www.nepomucen.com.pl\/index.php?rest_route=\/wp\/v2\/users\/3"}],"replies":[{"embeddable":true,"href":"http:\/\/www.nepomucen.com.pl\/index.php?rest_route=%2Fwp%2Fv2%2Fcomments&post=1568"}],"version-history":[{"count":8,"href":"http:\/\/www.nepomucen.com.pl\/index.php?rest_route=\/wp\/v2\/pages\/1568\/revisions"}],"predecessor-version":[{"id":1944,"href":"http:\/\/www.nepomucen.com.pl\/index.php?rest_route=\/wp\/v2\/pages\/1568\/revisions\/1944"}],"wp:attachment":[{"href":"http:\/\/www.nepomucen.com.pl\/index.php?rest_route=%2Fwp%2Fv2%2Fmedia&parent=1568"}],"curies":[{"name":"wp","href":"https:\/\/api.w.org\/{rel}","templated":true}]}}