{"id":16,"date":"2019-01-07T17:51:05","date_gmt":"2019-01-07T17:51:05","guid":{"rendered":"http:\/\/www.nepomucen.com.pl\/?page_id=16"},"modified":"2026-01-13T19:39:40","modified_gmt":"2026-01-13T19:39:40","slug":"proba","status":"publish","type":"page","link":"http:\/\/www.nepomucen.com.pl\/?page_id=16","title":{"rendered":"Galeria"},"content":{"rendered":"\n<div class=\"wp-block-columns alignfull has-text-color has-background is-layout-flex wp-container-core-columns-is-layout-1 wp-block-columns-is-layout-flex\" style=\"color:#000000;background-color:#ffffff\">\n<div class=\"wp-block-column is-layout-flow wp-block-column-is-layout-flow\">\n<h3 class=\"wp-block-heading\" style=\"font-size:24px;line-height:1.3\"><\/h3>\n\n\n\n<p><\/p>\n<\/div>\n\n\n\n<div class=\"wp-block-column is-layout-flow wp-block-column-is-layout-flow\">\n<p style=\"font-size:15px\"><strong><strong>GALERIA ZDJ\u0118\u0106 Z 2026&nbsp;ROKU<\/strong><\/strong><\/p>\n\n\n\n<p><a href=\"http:\/\/www.nepomucen.com.pl\/?p=12505\">przegl\u0105daj galeri\u0119&#8230;<\/a><\/p>\n<\/div>\n\n\n\n<div class=\"wp-block-column is-layout-flow wp-block-column-is-layout-flow\">\n<p style=\"font-size:15px\"><strong><strong><strong><strong><strong><strong>GALERIA ZDJ\u0118\u0106 Z 20<\/strong>25 <strong>ROKU<\/strong><\/strong><\/strong><\/strong><\/strong><\/strong><\/p>\n\n\n\n<p><a href=\"http:\/\/www.nepomucen.com.pl\/?p=11717\">przegl\u0105daj galeri\u0119&#8230;<\/a><\/p>\n<\/div>\n<\/div>\n\n\n\n<div class=\"wp-block-columns alignfull has-text-color has-background is-layout-flex wp-container-core-columns-is-layout-2 wp-block-columns-is-layout-flex\" style=\"color:#000000;background-color:#ffffff\">\n<div class=\"wp-block-column is-layout-flow wp-block-column-is-layout-flow\">\n<p style=\"font-size:15px\"><strong><strong><strong><strong><strong>GALERIA ZDJ\u0118\u0106 Z 20<\/strong>24 <strong>ROKU<\/strong><\/strong><\/strong><\/strong><\/strong><\/p>\n\n\n\n<p><a href=\"http:\/\/www.nepomucen.com.pl\/?p=11692\">przegl\u0105daj galeri\u0119&#8230;<\/a><\/p>\n<\/div>\n\n\n\n<div class=\"wp-block-column is-layout-flow wp-block-column-is-layout-flow\">\n<p style=\"font-size:15px\"><strong><strong><strong><strong><strong>GALERIA ZDJ\u0118\u0106 Z 20<\/strong>23 <strong>ROKU<\/strong><\/strong><\/strong><\/strong><\/strong><\/p>\n\n\n\n<p><a href=\"http:\/\/www.nepomucen.com.pl\/?p=11632\">przegl\u0105daj galeri\u0119&#8230;<\/a><\/p>\n<\/div>\n\n\n\n<div class=\"wp-block-column is-layout-flow wp-block-column-is-layout-flow\">\n<p style=\"font-size:15px\"><strong><strong><strong><strong><strong><strong><strong><strong><strong><strong>GALERIA ZDJ\u0118\u0106 Z 20<\/strong>22 <strong>ROKU<\/strong><\/strong><\/strong><\/strong><\/strong><\/strong><\/strong><\/strong><\/strong><\/strong><\/p>\n\n\n\n<p><a href=\"http:\/\/www.nepomucen.com.pl\/?p=11588\">przegl\u0105daj galeri\u0119&#8230;<\/a><\/p>\n<\/div>\n<\/div>\n\n\n\n<div class=\"wp-block-columns alignfull has-text-color has-background is-layout-flex wp-container-core-columns-is-layout-3 wp-block-columns-is-layout-flex\" style=\"color:#000000;background-color:#ffffff\">\n<div class=\"wp-block-column is-layout-flow wp-block-column-is-layout-flow\">\n<p style=\"font-size:15px\"><strong><strong><strong><strong>GALERIA ZDJ\u0118\u0106 Z 20<\/strong>21 <strong>ROKU<\/strong><\/strong><\/strong><\/strong><\/p>\n\n\n\n<p><a href=\"http:\/\/www.nepomucen.com.pl\/?p=11554\">przegl\u0105daj galeri\u0119&#8230;<\/a><\/p>\n<\/div>\n\n\n\n<div class=\"wp-block-column is-layout-flow wp-block-column-is-layout-flow\">\n<p style=\"font-size:15px\"><strong><strong><strong><strong>GALERIA ZDJ\u0118\u0106 Z 20<\/strong>20 <strong>ROKU<\/strong><\/strong><\/strong><\/strong><\/p>\n\n\n\n<p><a href=\"http:\/\/www.nepomucen.com.pl\/?p=11530\">przegl\u0105daj galeri\u0119&#8230;<\/a><\/p>\n<\/div>\n\n\n\n<div class=\"wp-block-column is-layout-flow wp-block-column-is-layout-flow\">\n<p style=\"font-size:15px\"><strong><strong><strong><strong>GALERIA ZDJ\u0118\u0106 Z 201<\/strong>9 <strong>ROKU<\/strong><\/strong><\/strong><\/strong><\/p>\n\n\n\n<p><a href=\"http:\/\/www.nepomucen.com.pl\/?p=11508\">przegl\u0105daj galeri\u0119&#8230;<\/a><\/p>\n<\/div>\n<\/div>\n\n\n\n<div class=\"wp-block-columns alignfull has-text-color has-background is-layout-flex wp-container-core-columns-is-layout-4 wp-block-columns-is-layout-flex\" style=\"color:#000000;background-color:#ffffff\">\n<div class=\"wp-block-column is-layout-flow wp-block-column-is-layout-flow\">\n<p style=\"font-size:15px\"><strong><strong><strong>GALERIA ZDJ\u0118\u0106 Z 201<\/strong>8 <strong>ROKU<\/strong><\/strong><\/strong><\/p>\n\n\n\n<p><a href=\"http:\/\/www.nepomucen.com.pl\/?p=11429\">przegl\u0105daj galeri\u0119&#8230;<\/a><\/p>\n<\/div>\n\n\n\n<div class=\"wp-block-column is-layout-flow wp-block-column-is-layout-flow\">\n<p style=\"font-size:15px\"><strong><strong><strong>GALERIA ZDJ\u0118\u0106 Z 201<\/strong>7 <strong>ROKU<\/strong><\/strong><\/strong><\/p>\n\n\n\n<p><a href=\"http:\/\/www.nepomucen.com.pl\/?p=11271\">przegl\u0105daj galeri\u0119&#8230;<\/a><\/p>\n<\/div>\n\n\n\n<div class=\"wp-block-column is-layout-flow wp-block-column-is-layout-flow\">\n<p style=\"font-size:15px\"><strong><strong><strong>GALERIA ZDJ\u0118\u0106 Z 201<\/strong>6 <strong>ROKU<\/strong><\/strong><\/strong><\/p>\n\n\n\n<p><a href=\"http:\/\/www.nepomucen.com.pl\/?p=11260\">przegl\u0105daj galeri\u0119&#8230;<\/a><\/p>\n<\/div>\n<\/div>\n\n\n\n<div class=\"wp-block-columns alignfull has-text-color has-background is-layout-flex wp-container-core-columns-is-layout-5 wp-block-columns-is-layout-flex\" style=\"color:#000000;background-color:#ffffff\">\n<div class=\"wp-block-column is-layout-flow wp-block-column-is-layout-flow\">\n<p style=\"font-size:15px\"><strong><strong>GALERIA ZDJ\u0118\u0106 Z 201<\/strong>5 <strong>ROKU<\/strong><\/strong><\/p>\n\n\n\n<p><a href=\"http:\/\/www.nepomucen.com.pl\/?p=11246\">przegl\u0105daj galeri\u0119&#8230;<\/a><\/p>\n<\/div>\n\n\n\n<div class=\"wp-block-column is-layout-flow wp-block-column-is-layout-flow\">\n<p style=\"font-size:15px\"><strong><strong>GALERIA ZDJ\u0118\u0106 Z 201<\/strong>4 <strong>ROKU<\/strong><\/strong><\/p>\n\n\n\n<p><a href=\"http:\/\/www.nepomucen.com.pl\/?p=11241\">przegl\u0105daj galeri\u0119&#8230;<\/a><\/p>\n<\/div>\n\n\n\n<div class=\"wp-block-column is-layout-flow wp-block-column-is-layout-flow\">\n<p style=\"font-size:15px\"><strong><strong>GALERIA ZDJ\u0118\u0106 Z 201<\/strong>3 <strong>ROKU<\/strong><\/strong><\/p>\n\n\n\n<p><a href=\"http:\/\/www.nepomucen.com.pl\/?p=11236\">przegl\u0105daj galeri\u0119&#8230;<\/a><\/p>\n<\/div>\n<\/div>\n\n\n\n<div class=\"wp-block-columns alignfull has-text-color has-background is-layout-flex wp-container-core-columns-is-layout-6 wp-block-columns-is-layout-flex\" style=\"color:#000000;background-color:#ffffff\">\n<div class=\"wp-block-column is-layout-flow wp-block-column-is-layout-flow\">\n<p class=\"has-text-align-left\" style=\"font-size:15px\"><strong>GALERIA ZDJ\u0118\u0106 Z 2012<\/strong> <strong>ROKU<\/strong><\/p>\n\n\n\n<p><a href=\"http:\/\/www.nepomucen.com.pl\/?p=11229\">przegl\u0105daj galeri\u0119&#8230;<\/a><\/p>\n<\/div>\n\n\n\n<div class=\"wp-block-column is-layout-flow wp-block-column-is-layout-flow\">\n<p style=\"font-size:15px\"><strong>GALERIA ZDJ\u0118\u0106 Z 2011 ROKU<\/strong><\/p>\n\n\n\n<p><a href=\"http:\/\/www.nepomucen.com.pl\/?p=11222\">przegl\u0105daj galeri\u0119&#8230;<\/a><\/p>\n<\/div>\n\n\n\n<div class=\"wp-block-column is-layout-flow wp-block-column-is-layout-flow\">\n<p style=\"font-size:15px\"><strong>GALERIA ZDJ\u0118\u0106 Z 2010<\/strong> <strong>ROKU<\/strong><\/p>\n\n\n\n<p><a href=\"http:\/\/www.nepomucen.com.pl\/?p=11209\">przegl\u0105daj galeri\u0119&#8230;<\/a><\/p>\n<\/div>\n<\/div>\n\n\n\n<div class=\"wp-block-columns alignfull has-text-color has-background is-layout-flex wp-container-core-columns-is-layout-7 wp-block-columns-is-layout-flex\" style=\"color:#000000;background-color:#ffffff\">\n<div class=\"wp-block-column is-layout-flow wp-block-column-is-layout-flow\">\n<p style=\"font-size:15px\"><strong>GALERIA ZDJ\u0118\u0106 Z 2009<\/strong> <strong>ROKU<\/strong><\/p>\n\n\n\n<p><a href=\"http:\/\/www.nepomucen.com.pl\/?p=11406\">przegl\u0105daj galeri\u0119&#8230;<\/a><\/p>\n<\/div>\n\n\n\n<div class=\"wp-block-column is-layout-flow wp-block-column-is-layout-flow\">\n<p style=\"font-size:15px\"><strong>GALERIA ZDJ\u0118\u0106 Z 2008<\/strong> <strong>ROKU<\/strong><\/p>\n\n\n\n<p><a href=\"http:\/\/www.nepomucen.com.pl\/?p=11319\">przegl\u0105daj galeri\u0119&#8230;<\/a><\/p>\n<\/div>\n\n\n\n<div class=\"wp-block-column is-layout-flow wp-block-column-is-layout-flow\">\n<p style=\"font-size:15px\"><\/p>\n\n\n\n<p><\/p>\n<\/div>\n<\/div>\n\n\n\n<p><em>Klikni\u0119cie w dany rok przenosi bezpo\u015brednio do galerii zdj\u0119\u0107.<\/em><\/p>\n","protected":false},"excerpt":{"rendered":"<p>GALERIA ZDJ\u0118\u0106 Z 2026&nbsp;ROKU przegl\u0105daj galeri\u0119&#8230; GALERIA ZDJ\u0118\u0106 Z 2025 ROKU przegl\u0105daj galeri\u0119&#8230; GALERIA ZDJ\u0118\u0106 Z 2024 ROKU przegl\u0105daj galeri\u0119&#8230; GALERIA ZDJ\u0118\u0106 Z 2023 ROKU przegl\u0105daj galeri\u0119&#8230; GALERIA ZDJ\u0118\u0106 Z 2022 ROKU przegl\u0105daj galeri\u0119&#8230; GALERIA ZDJ\u0118\u0106 Z 2021 ROKU przegl\u0105daj galeri\u0119&#8230; GALERIA ZDJ\u0118\u0106 Z 2020 ROKU przegl\u0105daj galeri\u0119&#8230; GALERIA ZDJ\u0118\u0106 Z 2019 ROKU przegl\u0105daj galeri\u0119&#8230; &hellip; <a href=\"http:\/\/www.nepomucen.com.pl\/?page_id=16\" class=\"more-link\">Continue reading <span class=\"screen-reader-text\">Galeria<\/span><\/a><\/p>\n","protected":false},"author":1,"featured_media":0,"parent":0,"menu_order":0,"comment_status":"closed","ping_status":"closed","template":"","meta":{"footnotes":""},"class_list":["post-16","page","type-page","status-publish","hentry"],"_links":{"self":[{"href":"http:\/\/www.nepomucen.com.pl\/index.php?rest_route=\/wp\/v2\/pages\/16","targetHints":{"allow":["GET"]}}],"collection":[{"href":"http:\/\/www.nepomucen.com.pl\/index.php?rest_route=\/wp\/v2\/pages"}],"about":[{"href":"http:\/\/www.nepomucen.com.pl\/index.php?rest_route=\/wp\/v2\/types\/page"}],"author":[{"embeddable":true,"href":"http:\/\/www.nepomucen.com.pl\/index.php?rest_route=\/wp\/v2\/users\/1"}],"replies":[{"embeddable":true,"href":"http:\/\/www.nepomucen.com.pl\/index.php?rest_route=%2Fwp%2Fv2%2Fcomments&post=16"}],"version-history":[{"count":27,"href":"http:\/\/www.nepomucen.com.pl\/index.php?rest_route=\/wp\/v2\/pages\/16\/revisions"}],"predecessor-version":[{"id":12543,"href":"http:\/\/www.nepomucen.com.pl\/index.php?rest_route=\/wp\/v2\/pages\/16\/revisions\/12543"}],"wp:attachment":[{"href":"http:\/\/www.nepomucen.com.pl\/index.php?rest_route=%2Fwp%2Fv2%2Fmedia&parent=16"}],"curies":[{"name":"wp","href":"https:\/\/api.w.org\/{rel}","templated":true}]}}