{"id":2151,"date":"2021-03-13T20:09:49","date_gmt":"2021-03-13T20:09:49","guid":{"rendered":"http:\/\/www.nepomucen.com.pl\/?page_id=2151"},"modified":"2024-03-02T18:52:22","modified_gmt":"2024-03-02T18:52:22","slug":"roza-rozancowa-rodzicow-za-dzieci","status":"publish","type":"page","link":"http:\/\/www.nepomucen.com.pl\/?page_id=2151","title":{"rendered":"R\u00f3\u017ce R\u00f3\u017ca\u0144cowe Rodzic\u00f3w za Dzieci"},"content":{"rendered":"\n<p>Wraz z rozpocz\u0119ciem miesi\u0105ca marca 2021 r w naszej parafii powsta\u0142a R\u00f3\u017ca R\u00f3\u017ca\u0144cowa Rodzic\u00f3w za Dzieci. Jest to szczeg\u00f3lna R\u00f3\u017ca, gdy\u017c rodzice powierzaj\u0105 Matce Bo\u017cej swoje dzieci i ka\u017cdego dnia modl\u0105 si\u0119 za nie oraz za ich przysz\u0142o\u015b\u0107. Niezmiernie cieszymy si\u0119, \u017ce w marcu 2021 r \u2013 miesi\u0105cu po\u015bwi\u0119conym \u015bwi\u0119temu J\u00f3zefowi, opiekunowi Jezusa i Maryi rozpocz\u0119li\u015bmy modlitw\u0119 za dzieci. Bardzo dzi\u0119kujemy rodzicom, kt\u00f3rzy w\u0142\u0105czyli si\u0119 w t\u0119 modlitw\u0119. Patronem R\u00f3\u017cy jest \u015bwi\u0119ty Stanis\u0142aw Kostka. <\/p>\n\n\n\n<p>Druga R\u00f3\u017ca Rodzic\u00f3w za Dzieci powsta\u0142a rok p\u00f3\u017aniej w kwietniu 2022 r, a jej patronem zosta\u0142 Dominik Savio. Mamy nadziej\u0119, \u017ce coraz wi\u0119cej rodzic\u00f3w otworzy swoje serca na modlitw\u0119 r\u00f3\u017ca\u0144cow\u0105 i coraz wi\u0119ksze grono dzieci zostanie obj\u0119te modlitw\u0105.<\/p>\n\n\n\n<p>Wszystkich ch\u0119tnych, kt\u00f3rzy chc\u0105 modli\u0107 si\u0119 za swoje dzieci prosz\u0119 o kontakt &#8211; nr tel 795 692 788<\/p>\n\n\n\n<figure class=\"wp-block-image size-large is-resized\"><a href=\"http:\/\/www.nepomucen.com.pl\/wp-content\/uploads\/2021\/03\/obraz_2021-03-13_210951.png\"><img loading=\"lazy\" decoding=\"async\" src=\"http:\/\/www.nepomucen.com.pl\/wp-content\/uploads\/2021\/03\/obraz_2021-03-13_210951.png\" alt=\"\" class=\"wp-image-2152\" width=\"377\" height=\"351\" srcset=\"http:\/\/www.nepomucen.com.pl\/wp-content\/uploads\/2021\/03\/obraz_2021-03-13_210951.png 489w, http:\/\/www.nepomucen.com.pl\/wp-content\/uploads\/2021\/03\/obraz_2021-03-13_210951-300x279.png 300w\" sizes=\"auto, (max-width: 377px) 100vw, 377px\" \/><\/a><\/figure>\n","protected":false},"excerpt":{"rendered":"<p>Wraz z rozpocz\u0119ciem miesi\u0105ca marca 2021 r w naszej parafii powsta\u0142a R\u00f3\u017ca R\u00f3\u017ca\u0144cowa Rodzic\u00f3w za Dzieci. Jest to szczeg\u00f3lna R\u00f3\u017ca, gdy\u017c rodzice powierzaj\u0105 Matce Bo\u017cej swoje dzieci i ka\u017cdego dnia modl\u0105 si\u0119 za nie oraz za ich przysz\u0142o\u015b\u0107. Niezmiernie cieszymy si\u0119, \u017ce w marcu 2021 r \u2013 miesi\u0105cu po\u015bwi\u0119conym \u015bwi\u0119temu J\u00f3zefowi, opiekunowi Jezusa i Maryi &hellip; <a href=\"http:\/\/www.nepomucen.com.pl\/?page_id=2151\" class=\"more-link\">Continue reading <span class=\"screen-reader-text\">R\u00f3\u017ce R\u00f3\u017ca\u0144cowe Rodzic\u00f3w za Dzieci<\/span><\/a><\/p>\n","protected":false},"author":3,"featured_media":0,"parent":0,"menu_order":0,"comment_status":"closed","ping_status":"closed","template":"","meta":{"footnotes":""},"class_list":["post-2151","page","type-page","status-publish","hentry"],"_links":{"self":[{"href":"http:\/\/www.nepomucen.com.pl\/index.php?rest_route=\/wp\/v2\/pages\/2151","targetHints":{"allow":["GET"]}}],"collection":[{"href":"http:\/\/www.nepomucen.com.pl\/index.php?rest_route=\/wp\/v2\/pages"}],"about":[{"href":"http:\/\/www.nepomucen.com.pl\/index.php?rest_route=\/wp\/v2\/types\/page"}],"author":[{"embeddable":true,"href":"http:\/\/www.nepomucen.com.pl\/index.php?rest_route=\/wp\/v2\/users\/3"}],"replies":[{"embeddable":true,"href":"http:\/\/www.nepomucen.com.pl\/index.php?rest_route=%2Fwp%2Fv2%2Fcomments&post=2151"}],"version-history":[{"count":8,"href":"http:\/\/www.nepomucen.com.pl\/index.php?rest_route=\/wp\/v2\/pages\/2151\/revisions"}],"predecessor-version":[{"id":8695,"href":"http:\/\/www.nepomucen.com.pl\/index.php?rest_route=\/wp\/v2\/pages\/2151\/revisions\/8695"}],"wp:attachment":[{"href":"http:\/\/www.nepomucen.com.pl\/index.php?rest_route=%2Fwp%2Fv2%2Fmedia&parent=2151"}],"curies":[{"name":"wp","href":"https:\/\/api.w.org\/{rel}","templated":true}]}}