{"id":2179,"date":"2021-03-14T19:53:23","date_gmt":"2021-03-14T19:53:23","guid":{"rendered":"http:\/\/www.nepomucen.com.pl\/?page_id=2179"},"modified":"2025-08-17T17:08:42","modified_gmt":"2025-08-17T17:08:42","slug":"swiadectwa","status":"publish","type":"page","link":"http:\/\/www.nepomucen.com.pl\/?page_id=2179","title":{"rendered":"\u015awiadectwa"},"content":{"rendered":"\n<div class=\"wp-block-columns alignfull has-text-color has-background is-layout-flex wp-container-core-columns-is-layout-1 wp-block-columns-is-layout-flex\" style=\"color:#000000;background-color:#ffffff\">\n<div class=\"wp-block-column is-layout-flow wp-block-column-is-layout-flow\">\n<h3 class=\"wp-block-heading\" style=\"font-size:24px;line-height:1.3\"><\/h3>\n\n\n\n<p><\/p>\n<\/div>\n\n\n\n<div class=\"wp-block-column is-layout-flow wp-block-column-is-layout-flow\">\n<h3 class=\"wp-block-heading\" style=\"font-size:24px;line-height:1.3\"><\/h3>\n\n\n\n<p><\/p>\n<\/div>\n\n\n\n<div class=\"wp-block-column is-layout-flow wp-block-column-is-layout-flow\">\n<p style=\"font-size:15px\"><strong>\u015aWIADECTWO PANA DAGMARA &#8211; XVII MSZA SWI\u0118TA NA WODZIE &#8211; 2025<\/strong><\/p>\n\n\n\n<p><a href=\"http:\/\/www.nepomucen.com.pl\/?p=11752\">Czytaj wi\u0119cej&#8230;<\/a><\/p>\n<\/div>\n<\/div>\n\n\n\n<div class=\"wp-block-columns alignfull has-text-color has-background is-layout-flex wp-container-core-columns-is-layout-2 wp-block-columns-is-layout-flex\" style=\"color:#000000;background-color:#ffffff\">\n<div class=\"wp-block-column is-layout-flow wp-block-column-is-layout-flow\">\n<p style=\"font-size:15px\"><strong>\u015aWIADECTWO PANI MIROS\u0141AWY &#8211; XVI MSZA \u015aWI\u0118TA NA WODZIE &#8211; 2024<\/strong><\/p>\n\n\n\n<p><a href=\"http:\/\/www.nepomucen.com.pl\/?p=11749\">Czytaj wi\u0119cej&#8230;<\/a><\/p>\n<\/div>\n\n\n\n<div class=\"wp-block-column is-layout-flow wp-block-column-is-layout-flow\">\n<p style=\"font-size:15px\"><strong>\u015aWIADECTWO PANA MATEUSZA GIEMZA &#8211; XV MSZA \u015aWI\u0118TA NA WODZIE &#8211; 2023<\/strong><\/p>\n\n\n\n<p><a href=\"http:\/\/www.nepomucen.com.pl\/?p=11743\">Czytaj wi\u0119cej&#8230;<\/a><\/p>\n<\/div>\n\n\n\n<div class=\"wp-block-column is-layout-flow wp-block-column-is-layout-flow\">\n<p style=\"font-size:15px\"><strong>\u015aWIADECTWO Z XIV MSZY \u015aWI\u0118TEJ NA WODZIE &#8211; 2022 <\/strong><\/p>\n\n\n\n<p><a href=\"http:\/\/www.nepomucen.com.pl\/?p=11740\">Czytaj wi\u0119cej&#8230;<\/a><\/p>\n<\/div>\n<\/div>\n\n\n\n<p>\u015awiadectwo Wojciecha Modest Amaro &#8211; Og\u00f3lnopolskie spotkanie Wojownik\u00f3w Maryi 04.09.2021r<\/p>\n\n\n\n<figure class=\"wp-block-embed is-type-video is-provider-youtube wp-block-embed-youtube wp-embed-aspect-16-9 wp-has-aspect-ratio\"><div class=\"wp-block-embed__wrapper\">\n<iframe loading=\"lazy\" title=\"\ud83d\udcaa\ud83d\udc49Pi\u0119kne \u015bwiadectwo Wojciecha Modest Amaro - Og\u00f3lnopolskie spotkanie Wojownik\u00f3w Maryi 04.09.2021r\" width=\"656\" height=\"369\" src=\"https:\/\/www.youtube.com\/embed\/x5ZwJQcWAwQ?start=45&#038;feature=oembed\" frameborder=\"0\" allow=\"accelerometer; autoplay; clipboard-write; encrypted-media; gyroscope; picture-in-picture; web-share\" referrerpolicy=\"strict-origin-when-cross-origin\" allowfullscreen><\/iframe>\n<\/div><\/figure>\n\n\n\n<p style=\"font-size:18px\">\u015awiadectwo Brata Jarka &#8211; dla wszystkich szukaj\u0105cych swojej drogi \u017cyciowej<\/p>\n\n\n\n<figure class=\"wp-block-embed is-type-video is-provider-youtube wp-block-embed-youtube wp-embed-aspect-16-9 wp-has-aspect-ratio\"><div class=\"wp-block-embed__wrapper\">\n<iframe loading=\"lazy\" title=\"Meet the Monks #13 - Br Jarek\" width=\"656\" height=\"369\" src=\"https:\/\/www.youtube.com\/embed\/qCfLsK08NHg?feature=oembed\" frameborder=\"0\" allow=\"accelerometer; autoplay; clipboard-write; encrypted-media; gyroscope; picture-in-picture; web-share\" referrerpolicy=\"strict-origin-when-cross-origin\" allowfullscreen><\/iframe>\n<\/div><\/figure>\n\n\n\n<p>\u015awiadectwo ks. Marcina Modrzy\u0144skiego &#8211; od okultyzmu do kap\u0142a\u0144stwa<\/p>\n\n\n\n<figure class=\"wp-block-embed is-type-video is-provider-youtube wp-block-embed-youtube wp-embed-aspect-16-9 wp-has-aspect-ratio\"><div class=\"wp-block-embed__wrapper\">\n<iframe loading=\"lazy\" title=\"Od okultyzmu do kap\u0142a\u0144stwa i pos\u0142ugi charyzmatycznej | \u015awiadectwo | ks. Marcin Modrzy\u0144ski\" width=\"656\" height=\"369\" src=\"https:\/\/www.youtube.com\/embed\/dxH9RbbEryE?feature=oembed\" frameborder=\"0\" allow=\"accelerometer; autoplay; clipboard-write; encrypted-media; gyroscope; picture-in-picture; web-share\" referrerpolicy=\"strict-origin-when-cross-origin\" allowfullscreen><\/iframe>\n<\/div><\/figure>\n","protected":false},"excerpt":{"rendered":"<p>\u015aWIADECTWO PANA DAGMARA &#8211; XVII MSZA SWI\u0118TA NA WODZIE &#8211; 2025 Czytaj wi\u0119cej&#8230; \u015aWIADECTWO PANI MIROS\u0141AWY &#8211; XVI MSZA \u015aWI\u0118TA NA WODZIE &#8211; 2024 Czytaj wi\u0119cej&#8230; \u015aWIADECTWO PANA MATEUSZA GIEMZA &#8211; XV MSZA \u015aWI\u0118TA NA WODZIE &#8211; 2023 Czytaj wi\u0119cej&#8230; \u015aWIADECTWO Z XIV MSZY \u015aWI\u0118TEJ NA WODZIE &#8211; 2022 Czytaj wi\u0119cej&#8230; \u015awiadectwo Wojciecha Modest Amaro &hellip; <a href=\"http:\/\/www.nepomucen.com.pl\/?page_id=2179\" class=\"more-link\">Continue reading <span class=\"screen-reader-text\">\u015awiadectwa<\/span><\/a><\/p>\n","protected":false},"author":3,"featured_media":0,"parent":0,"menu_order":0,"comment_status":"closed","ping_status":"closed","template":"","meta":{"footnotes":""},"class_list":["post-2179","page","type-page","status-publish","hentry"],"_links":{"self":[{"href":"http:\/\/www.nepomucen.com.pl\/index.php?rest_route=\/wp\/v2\/pages\/2179","targetHints":{"allow":["GET"]}}],"collection":[{"href":"http:\/\/www.nepomucen.com.pl\/index.php?rest_route=\/wp\/v2\/pages"}],"about":[{"href":"http:\/\/www.nepomucen.com.pl\/index.php?rest_route=\/wp\/v2\/types\/page"}],"author":[{"embeddable":true,"href":"http:\/\/www.nepomucen.com.pl\/index.php?rest_route=\/wp\/v2\/users\/3"}],"replies":[{"embeddable":true,"href":"http:\/\/www.nepomucen.com.pl\/index.php?rest_route=%2Fwp%2Fv2%2Fcomments&post=2179"}],"version-history":[{"count":7,"href":"http:\/\/www.nepomucen.com.pl\/index.php?rest_route=\/wp\/v2\/pages\/2179\/revisions"}],"predecessor-version":[{"id":11755,"href":"http:\/\/www.nepomucen.com.pl\/index.php?rest_route=\/wp\/v2\/pages\/2179\/revisions\/11755"}],"wp:attachment":[{"href":"http:\/\/www.nepomucen.com.pl\/index.php?rest_route=%2Fwp%2Fv2%2Fmedia&parent=2179"}],"curies":[{"name":"wp","href":"https:\/\/api.w.org\/{rel}","templated":true}]}}