{"id":2352,"date":"2021-04-07T18:39:42","date_gmt":"2021-04-07T18:39:42","guid":{"rendered":"http:\/\/www.nepomucen.com.pl\/?page_id=2352"},"modified":"2021-12-16T18:10:48","modified_gmt":"2021-12-16T18:10:48","slug":"kapliczka","status":"publish","type":"page","link":"http:\/\/www.nepomucen.com.pl\/?page_id=2352","title":{"rendered":"Kapliczka pod wezwaniem \u015bw. Jana Nepomucena"},"content":{"rendered":"\n<p>Naprzeciwko ko\u015bcio\u0142a znajduje si\u0119 kapliczka pod wezwaniem \u015bw. Jana Nepomucena. Zosta\u0142a wybudowana w 1907 roku. Kapliczk\u0119 wie\u0144czy wie\u017cyczka na sygnaturk\u0119. Przed wybudowaniem kapliczki, w jej miejscu sta\u0142 d\u0105b, na kt\u00f3rym zawieszony by\u0142 obraz przedstawiaj\u0105cy \u015bwi\u0119tego. To w\u0142a\u015bnie w tej kapliczce odbywa\u0142y si\u0119 Msze \u015awi\u0119te od 1956 roku. Obok kapliczki znajduje si\u0119 Bo\u017ca M\u0119ka z 1907 roku z napisem \u201e<em>Kt\u00f3ry\u015b cierpia\u0142 za nas rany, Jezu Chryste zmi\u0142uj si\u0119 nad nami<\/em>.\u201d oraz informacj\u0105 o fundatorach \u201e<em>Fund Jerzy Gaszka i Johana \u017cona jego<\/em>\u201d. Szczeg\u00f3\u0142owo kapliczka zosta\u0142a opisana i sfotografowana przez pana Jacka Kuczowic na stronie&nbsp;<a rel=\"noreferrer noopener\" href=\"http:\/\/www.przydrozne.eu\/strony\/rybnik\/k_rybnik_karta_kd112.html\" target=\"_blank\">przydrozne.eu<\/a>. W 2018 roku mia\u0142 miejsce remont elewacji oraz postawiono ekrany, kt\u00f3rych zadaniem jest ochrona kapliczki.<\/p>\n\n\n\n<figure class=\"wp-block-gallery columns-2 is-cropped wp-block-gallery-1 is-layout-flex wp-block-gallery-is-layout-flex\"><ul class=\"blocks-gallery-grid\"><li class=\"blocks-gallery-item\"><figure><a href=\"http:\/\/www.nepomucen.com.pl\/wp-content\/uploads\/2021\/04\/DSC_0053.png\"><img loading=\"lazy\" decoding=\"async\" width=\"683\" height=\"1024\" src=\"http:\/\/www.nepomucen.com.pl\/wp-content\/uploads\/2021\/04\/DSC_0053.png\" alt=\"\" data-id=\"2358\" data-full-url=\"http:\/\/www.nepomucen.com.pl\/wp-content\/uploads\/2021\/04\/DSC_0053.png\" data-link=\"http:\/\/www.nepomucen.com.pl\/?attachment_id=2358\" class=\"wp-image-2358\" srcset=\"http:\/\/www.nepomucen.com.pl\/wp-content\/uploads\/2021\/04\/DSC_0053.png 683w, http:\/\/www.nepomucen.com.pl\/wp-content\/uploads\/2021\/04\/DSC_0053-200x300.png 200w\" sizes=\"auto, (max-width: 683px) 100vw, 683px\" \/><\/a><\/figure><\/li><li class=\"blocks-gallery-item\"><figure><a href=\"http:\/\/www.nepomucen.com.pl\/wp-content\/uploads\/2021\/04\/DSC_0049.png\"><img loading=\"lazy\" decoding=\"async\" width=\"683\" height=\"1024\" src=\"http:\/\/www.nepomucen.com.pl\/wp-content\/uploads\/2021\/04\/DSC_0049.png\" alt=\"\" data-id=\"2357\" data-full-url=\"http:\/\/www.nepomucen.com.pl\/wp-content\/uploads\/2021\/04\/DSC_0049.png\" data-link=\"http:\/\/www.nepomucen.com.pl\/?attachment_id=2357\" class=\"wp-image-2357\" srcset=\"http:\/\/www.nepomucen.com.pl\/wp-content\/uploads\/2021\/04\/DSC_0049.png 683w, http:\/\/www.nepomucen.com.pl\/wp-content\/uploads\/2021\/04\/DSC_0049-200x300.png 200w\" sizes=\"auto, (max-width: 683px) 100vw, 683px\" \/><\/a><\/figure><\/li><li class=\"blocks-gallery-item\"><figure><a href=\"http:\/\/www.nepomucen.com.pl\/wp-content\/uploads\/2021\/04\/DSC_0045.png\"><img loading=\"lazy\" decoding=\"async\" width=\"683\" height=\"1024\" src=\"http:\/\/www.nepomucen.com.pl\/wp-content\/uploads\/2021\/04\/DSC_0045.png\" alt=\"\" data-id=\"2356\" data-full-url=\"http:\/\/www.nepomucen.com.pl\/wp-content\/uploads\/2021\/04\/DSC_0045.png\" data-link=\"http:\/\/www.nepomucen.com.pl\/?attachment_id=2356\" class=\"wp-image-2356\" srcset=\"http:\/\/www.nepomucen.com.pl\/wp-content\/uploads\/2021\/04\/DSC_0045.png 683w, http:\/\/www.nepomucen.com.pl\/wp-content\/uploads\/2021\/04\/DSC_0045-200x300.png 200w\" sizes=\"auto, (max-width: 683px) 100vw, 683px\" \/><\/a><\/figure><\/li><li class=\"blocks-gallery-item\"><figure><a href=\"http:\/\/www.nepomucen.com.pl\/wp-content\/uploads\/2021\/04\/DSC_0035.png\"><img loading=\"lazy\" decoding=\"async\" width=\"683\" height=\"1024\" src=\"http:\/\/www.nepomucen.com.pl\/wp-content\/uploads\/2021\/04\/DSC_0035.png\" alt=\"\" data-id=\"2353\" data-full-url=\"http:\/\/www.nepomucen.com.pl\/wp-content\/uploads\/2021\/04\/DSC_0035.png\" data-link=\"http:\/\/www.nepomucen.com.pl\/?attachment_id=2353\" class=\"wp-image-2353\" srcset=\"http:\/\/www.nepomucen.com.pl\/wp-content\/uploads\/2021\/04\/DSC_0035.png 683w, http:\/\/www.nepomucen.com.pl\/wp-content\/uploads\/2021\/04\/DSC_0035-200x300.png 200w\" sizes=\"auto, (max-width: 683px) 100vw, 683px\" \/><\/a><\/figure><\/li><li class=\"blocks-gallery-item\"><figure><a href=\"http:\/\/www.nepomucen.com.pl\/wp-content\/uploads\/2021\/04\/DSC_0040.png\"><img loading=\"lazy\" decoding=\"async\" width=\"1024\" height=\"683\" src=\"http:\/\/www.nepomucen.com.pl\/wp-content\/uploads\/2021\/04\/DSC_0040.png\" alt=\"\" data-id=\"2355\" data-full-url=\"http:\/\/www.nepomucen.com.pl\/wp-content\/uploads\/2021\/04\/DSC_0040.png\" data-link=\"http:\/\/www.nepomucen.com.pl\/?attachment_id=2355\" class=\"wp-image-2355\" srcset=\"http:\/\/www.nepomucen.com.pl\/wp-content\/uploads\/2021\/04\/DSC_0040.png 1024w, http:\/\/www.nepomucen.com.pl\/wp-content\/uploads\/2021\/04\/DSC_0040-300x200.png 300w, http:\/\/www.nepomucen.com.pl\/wp-content\/uploads\/2021\/04\/DSC_0040-768x512.png 768w\" sizes=\"auto, (max-width: 1024px) 100vw, 1024px\" \/><\/a><\/figure><\/li><\/ul><\/figure>\n","protected":false},"excerpt":{"rendered":"<p>Naprzeciwko ko\u015bcio\u0142a znajduje si\u0119 kapliczka pod wezwaniem \u015bw. Jana Nepomucena. Zosta\u0142a wybudowana w 1907 roku. Kapliczk\u0119 wie\u0144czy wie\u017cyczka na sygnaturk\u0119. Przed wybudowaniem kapliczki, w jej miejscu sta\u0142 d\u0105b, na kt\u00f3rym zawieszony by\u0142 obraz przedstawiaj\u0105cy \u015bwi\u0119tego. To w\u0142a\u015bnie w tej kapliczce odbywa\u0142y si\u0119 Msze \u015awi\u0119te od 1956 roku. Obok kapliczki znajduje si\u0119 Bo\u017ca M\u0119ka z 1907 &hellip; <a href=\"http:\/\/www.nepomucen.com.pl\/?page_id=2352\" class=\"more-link\">Continue reading <span class=\"screen-reader-text\">Kapliczka pod wezwaniem \u015bw. Jana Nepomucena<\/span><\/a><\/p>\n","protected":false},"author":3,"featured_media":0,"parent":0,"menu_order":0,"comment_status":"closed","ping_status":"closed","template":"","meta":{"footnotes":""},"class_list":["post-2352","page","type-page","status-publish","hentry"],"_links":{"self":[{"href":"http:\/\/www.nepomucen.com.pl\/index.php?rest_route=\/wp\/v2\/pages\/2352","targetHints":{"allow":["GET"]}}],"collection":[{"href":"http:\/\/www.nepomucen.com.pl\/index.php?rest_route=\/wp\/v2\/pages"}],"about":[{"href":"http:\/\/www.nepomucen.com.pl\/index.php?rest_route=\/wp\/v2\/types\/page"}],"author":[{"embeddable":true,"href":"http:\/\/www.nepomucen.com.pl\/index.php?rest_route=\/wp\/v2\/users\/3"}],"replies":[{"embeddable":true,"href":"http:\/\/www.nepomucen.com.pl\/index.php?rest_route=%2Fwp%2Fv2%2Fcomments&post=2352"}],"version-history":[{"count":3,"href":"http:\/\/www.nepomucen.com.pl\/index.php?rest_route=\/wp\/v2\/pages\/2352\/revisions"}],"predecessor-version":[{"id":3962,"href":"http:\/\/www.nepomucen.com.pl\/index.php?rest_route=\/wp\/v2\/pages\/2352\/revisions\/3962"}],"wp:attachment":[{"href":"http:\/\/www.nepomucen.com.pl\/index.php?rest_route=%2Fwp%2Fv2%2Fmedia&parent=2352"}],"curies":[{"name":"wp","href":"https:\/\/api.w.org\/{rel}","templated":true}]}}