{"id":876,"date":"2021-01-06T09:40:27","date_gmt":"2021-01-06T09:40:27","guid":{"rendered":"http:\/\/www.nepomucen.com.pl\/?page_id=876"},"modified":"2021-01-06T09:40:27","modified_gmt":"2021-01-06T09:40:27","slug":"konto-bankowe","status":"publish","type":"page","link":"http:\/\/www.nepomucen.com.pl\/?page_id=876","title":{"rendered":"Konto bankowe"},"content":{"rendered":"\n<p>Sk\u0142adamy serdeczne B\u00f3g zap\u0142a\u0107 tym Wszystkim Parafianom, kt\u00f3rzy w tym trudnym okresie wspieraj\u0105 materialnie parafi\u0119 poprzez wp\u0142aty na konto bankowe. Dzi\u0119kujemy za Wasz\u0105 trosk\u0119 i odpowiedzialno\u015b\u0107 za nasz\u0105 \u015bwi\u0105tyni\u0119. Wszystkich parafian, kt\u00f3rzy chc\u0105 do\u0142\u0105czy\u0107 do grona darczy\u0144c\u00f3w, zach\u0119camy do sk\u0142adania ofiar na rachunek bankowy Parafii: <\/p>\n\n\n\n<p><strong>76 1050 1344 1000 0023 1598 9646<\/strong> ING Bank \u015al\u0105ski oddz. Rybnik.<\/p>\n","protected":false},"excerpt":{"rendered":"<p>Sk\u0142adamy serdeczne B\u00f3g zap\u0142a\u0107 tym Wszystkim Parafianom, kt\u00f3rzy w tym trudnym okresie wspieraj\u0105 materialnie parafi\u0119 poprzez wp\u0142aty na konto bankowe. Dzi\u0119kujemy za Wasz\u0105 trosk\u0119 i odpowiedzialno\u015b\u0107 za nasz\u0105 \u015bwi\u0105tyni\u0119. Wszystkich parafian, kt\u00f3rzy chc\u0105 do\u0142\u0105czy\u0107 do grona darczy\u0144c\u00f3w, zach\u0119camy do sk\u0142adania ofiar na rachunek bankowy Parafii: 76 1050 1344 1000 0023 1598 9646 ING Bank \u015al\u0105ski &hellip; <a href=\"http:\/\/www.nepomucen.com.pl\/?page_id=876\" class=\"more-link\">Continue reading <span class=\"screen-reader-text\">Konto bankowe<\/span><\/a><\/p>\n","protected":false},"author":3,"featured_media":0,"parent":0,"menu_order":0,"comment_status":"closed","ping_status":"closed","template":"","meta":{"footnotes":""},"class_list":["post-876","page","type-page","status-publish","hentry"],"_links":{"self":[{"href":"http:\/\/www.nepomucen.com.pl\/index.php?rest_route=\/wp\/v2\/pages\/876","targetHints":{"allow":["GET"]}}],"collection":[{"href":"http:\/\/www.nepomucen.com.pl\/index.php?rest_route=\/wp\/v2\/pages"}],"about":[{"href":"http:\/\/www.nepomucen.com.pl\/index.php?rest_route=\/wp\/v2\/types\/page"}],"author":[{"embeddable":true,"href":"http:\/\/www.nepomucen.com.pl\/index.php?rest_route=\/wp\/v2\/users\/3"}],"replies":[{"embeddable":true,"href":"http:\/\/www.nepomucen.com.pl\/index.php?rest_route=%2Fwp%2Fv2%2Fcomments&post=876"}],"version-history":[{"count":2,"href":"http:\/\/www.nepomucen.com.pl\/index.php?rest_route=\/wp\/v2\/pages\/876\/revisions"}],"predecessor-version":[{"id":921,"href":"http:\/\/www.nepomucen.com.pl\/index.php?rest_route=\/wp\/v2\/pages\/876\/revisions\/921"}],"wp:attachment":[{"href":"http:\/\/www.nepomucen.com.pl\/index.php?rest_route=%2Fwp%2Fv2%2Fmedia&parent=876"}],"curies":[{"name":"wp","href":"https:\/\/api.w.org\/{rel}","templated":true}]}}