{"id":887,"date":"2021-01-06T09:44:24","date_gmt":"2021-01-06T09:44:24","guid":{"rendered":"http:\/\/www.nepomucen.com.pl\/?page_id=887"},"modified":"2021-02-14T17:20:35","modified_gmt":"2021-02-14T17:20:35","slug":"swiety-jan-nepomucen","status":"publish","type":"page","link":"http:\/\/www.nepomucen.com.pl\/?page_id=887","title":{"rendered":"\u015awi\u0119ty Jan Nepomucen"},"content":{"rendered":"\n<p>\u015aw. Jan Nepomucen urodzi\u0142 si\u0119 oko\u0142o roku 1348-1350 w miejscowo\u015bci Pomuk (obecnie miasto Nepomuk w Czechach).<br>Oko\u0142o 1380 r przyj\u0105\u0142 \u015bwi\u0119cenia kap\u0142a\u0144skie. Zosta\u0142 kanonikiem przy katedrze w Hradczanach. Jednocze\u015bnie podj\u0105\u0142 studia, uczy\u0142 si\u0119 prawa kanonicznego w Pradze i Padwie. Nast\u0119pnie piastowa\u0142 godno\u015b\u0107 kanonika kolegiaty praskiej \u015bw. Idziego. P\u00f3\u017aniej przeniesiono go do ko\u015bcio\u0142a \u015bwi\u0119tych Piotra i Paw\u0142a w Wyszehradzie. Szybko jednak arcybiskup Pragi powo\u0142a\u0142 go do sprawowania funkcji swojego zast\u0119pcy.<br>W zwi\u0105zku z zatargiem mi\u0119dzy kr\u00f3lem Czech Wac\u0142awem IV a arcybiskupem, Jan Nepomucen popad\u0142 w nie\u0142ask\u0119 w\u0142adcy, poniewa\u017c nie chcia\u0142 zdradzi\u0107 kr\u00f3lowi tajemnicy spowiedzi jego ma\u0142\u017conki Zofii Bawarskiej.\u00a0Odmowa zdrady tajemnicy spowiedzi doprowadzi\u0142a do gniewu kr\u00f3la, czego skutkiem by\u0142 areszt \u015bwi\u0119tego Jana w 1393 r.<br>Nie\u0142aska kr\u00f3la doprowadzi\u0142a do torturowania, a w konsekwencji do \u015bmierci Jana. <\/p>\n\n\n\n<p>20 marca 1393 r. zrzucono go z mostu Karola do rzeki We\u0142tawy w Pradze. Cia\u0142o odnaleziono dopiero po kilkunastu dniach. \u015aw. Jan zosta\u0142 pochowany w ko\u015bciele \u015awi\u0119tego Krzy\u017ca, a p\u00f3\u017aniej przeniesiono jego cia\u0142o do katedry.\u00a0<br>Wed\u0142ug tradycji, w 1719 r przed kanonizacj\u0105, otwarto krypt\u0119 \u015bwi\u0119tego i okaza\u0142o si\u0119, \u017ce jego zw\u0142oki maj\u0105 nienaruszony j\u0119zyk. Przypisuje si\u0119 to temu, \u017ce musia\u0142 on znosi\u0107 tortury z powodu tajemnicy spowiedzi. \u015aw. Jan zosta\u0142 beatyfikowany w 1721 r przez Papie\u017ca Innocentego XIII. Na o\u0142tarze zosta\u0142 wyniesiony przez Benedykta XIII w 1729 r. Ju\u017c wcze\u015bniej uchodzi\u0142 za nieformalnego patrona Czech.<br>Kult \u015bw. Jana rozwijali g\u0142\u00f3wnie jezuici. Jego wspomnienie liturgiczne w Ko\u015bciele katolickim obchodzone jest 21 maja. \u015awi\u0119ty przedstawiany jest w stroju kap\u0142ana z symbolami m\u0119cze\u0144stwa, z palcem przy ustach. Jego atrybutami s\u0105: ksi\u0119ga, klucz, k\u0142\u00f3dka, krzy\u017c w r\u0119ku, most, piecz\u0119\u0107, woda i wieniec z gwiazd (symbol cn\u00f3t m\u0119czennika).<br>\u015aw. Jan Nepomucen jest patronem jezuit\u00f3w, Pragi, spowiednik\u00f3w, szczerej spowiedzi, ton\u0105cych a tak\u017ce patronem most\u00f3w.<\/p>\n\n\n\n<div class=\"wp-block-columns is-layout-flex wp-container-core-columns-is-layout-1 wp-block-columns-is-layout-flex\">\n<div class=\"wp-block-column is-layout-flow wp-block-column-is-layout-flow\" style=\"flex-basis:33.33%\">\n<figure class=\"wp-block-image size-large\"><img decoding=\"async\" src=\"https:\/\/sablonprobnydlaparafii.files.wordpress.com\/2021\/01\/relikwie.jpg?w=542\" alt=\"\" class=\"wp-image-527\"\/><\/figure>\n<\/div>\n\n\n\n<div class=\"wp-block-column is-layout-flow wp-block-column-is-layout-flow\" style=\"flex-basis:66.66%\">\n<p>Relikwie \u015bw. Jana Nepomucena trafi\u0142y do naszej parafii w 2009 roku za spraw\u0105 ksi\u0119dza Henryka Ko\u0142odzieja. Relikwie znajdowa\u0142y si\u0119 w r\u0119kach rodziny ksi\u0119dza Ko\u0142odzieja przez ponad 100 lat. Z relikwiarza pozosta\u0142o jedynie oczko kryj\u0105ce relikwi\u0119. Przednia cz\u0119\u015b\u0107 jest udekorowana kamieniami szlachetnymi i posiada szybk\u0119 z napisem w j\u0119zyku \u0142aci\u0144skim \u201e\u015bwi\u0119ty Jan Nepomucen&#8221;. W \u015brodku znajduje si\u0119 cz\u0105stka ko\u015bci \u015bwi\u0119tego. Ca\u0142o\u015b\u0107 posiada hermetyczne zamkni\u0119cie oraz jest opiecz\u0119towana herbem biskupim. Tajemnic\u0105 pozostaje to\u017csamo\u015b\u0107 biskupa, gdy\u017c dost\u0119p do wykaz\u00f3w biskup\u00f3w sprzed XIX wieku jest bardzo trudny.<\/p>\n<\/div>\n<\/div>\n\n\n\n<div class=\"wp-block-columns is-layout-flex wp-container-core-columns-is-layout-2 wp-block-columns-is-layout-flex\">\n<div class=\"wp-block-column is-layout-flow wp-block-column-is-layout-flow\" style=\"flex-basis:66.66%\">\n<p class=\"has-text-align-justify\">Naprzeciwko ko\u015bcio\u0142a znajduje si\u0119 kapliczka pod wezwaniem \u015bw. Jana Nepomucena. Zosta\u0142a wybudowana w 1907 roku. Kapliczk\u0119 wie\u0144czy wie\u017cyczka na sygnaturk\u0119. Przed wybudowaniem kapliczki, w jej miejscu sta\u0142 d\u0105b, na kt\u00f3rym zawieszony by\u0142 obraz przedstawiaj\u0105cy \u015bwi\u0119tego. To w\u0142a\u015bnie w tej kapliczce odbywa\u0142y si\u0119 Msze \u015awi\u0119te od 1956 roku. Obok kapliczki znajduje si\u0119 Bo\u017ca M\u0119ka z 1907 roku z napisem \u201e<em>Kt\u00f3ry\u015b cierpia\u0142 za nas rany, Jezu Chryste zmi\u0142uj si\u0119 nad nami<\/em>.\u201d oraz informacj\u0105 o fundatorach \u201e<em>Fund Jerzy Gaszka i Johana \u017cona jego<\/em>\u201d. Szczeg\u00f3\u0142owo kapliczka zosta\u0142a opisana i sfotografowana przez pana Jacka Kuczowic na stronie <a rel=\"noreferrer noopener\" href=\"http:\/\/www.przydrozne.eu\/strony\/rybnik\/k_rybnik_karta_kd112.html\" target=\"_blank\">przydrozne.eu<\/a>. W 2018 roku mia\u0142 miejsce remont elewacji oraz postawiono ekrany, kt\u00f3rych zadaniem jest ochrona kapliczki. <\/p>\n<\/div>\n\n\n\n<div class=\"wp-block-column is-layout-flow wp-block-column-is-layout-flow\" style=\"flex-basis:33.33%\">\n<figure class=\"wp-block-image size-large is-resized\"><img loading=\"lazy\" decoding=\"async\" src=\"https:\/\/silesia.edu.pl\/images\/4\/40\/Chwalecice_nepom1.jpg\" alt=\"\" width=\"216\" height=\"288\"\/><\/figure>\n<\/div>\n<\/div>\n\n\n\n<p>Wchodz\u0105c do ko\u015bcio\u0142a, widzimy po prawej stronie od o\u0142tarza figur\u0119 przedstawiaj\u0105c\u0105 patrona naszej parafii. Figura na samym pocz\u0105tku znajdowa\u0142a si\u0119 w kaplicy, jednak po odrestaurowaniu trafi\u0142a do ko\u015bcio\u0142a. Przy figurze umieszczony jest relikwiarz.<\/p>\n","protected":false},"excerpt":{"rendered":"<p>\u015aw. Jan Nepomucen urodzi\u0142 si\u0119 oko\u0142o roku 1348-1350 w miejscowo\u015bci Pomuk (obecnie miasto Nepomuk w Czechach).Oko\u0142o 1380 r przyj\u0105\u0142 \u015bwi\u0119cenia kap\u0142a\u0144skie. Zosta\u0142 kanonikiem przy katedrze w Hradczanach. Jednocze\u015bnie podj\u0105\u0142 studia, uczy\u0142 si\u0119 prawa kanonicznego w Pradze i Padwie. Nast\u0119pnie piastowa\u0142 godno\u015b\u0107 kanonika kolegiaty praskiej \u015bw. Idziego. P\u00f3\u017aniej przeniesiono go do ko\u015bcio\u0142a \u015bwi\u0119tych Piotra i Paw\u0142a &hellip; <a href=\"http:\/\/www.nepomucen.com.pl\/?page_id=887\" class=\"more-link\">Continue reading <span class=\"screen-reader-text\">\u015awi\u0119ty Jan Nepomucen<\/span><\/a><\/p>\n","protected":false},"author":3,"featured_media":0,"parent":0,"menu_order":0,"comment_status":"closed","ping_status":"closed","template":"","meta":{"footnotes":""},"class_list":["post-887","page","type-page","status-publish","hentry"],"_links":{"self":[{"href":"http:\/\/www.nepomucen.com.pl\/index.php?rest_route=\/wp\/v2\/pages\/887","targetHints":{"allow":["GET"]}}],"collection":[{"href":"http:\/\/www.nepomucen.com.pl\/index.php?rest_route=\/wp\/v2\/pages"}],"about":[{"href":"http:\/\/www.nepomucen.com.pl\/index.php?rest_route=\/wp\/v2\/types\/page"}],"author":[{"embeddable":true,"href":"http:\/\/www.nepomucen.com.pl\/index.php?rest_route=\/wp\/v2\/users\/3"}],"replies":[{"embeddable":true,"href":"http:\/\/www.nepomucen.com.pl\/index.php?rest_route=%2Fwp%2Fv2%2Fcomments&post=887"}],"version-history":[{"count":4,"href":"http:\/\/www.nepomucen.com.pl\/index.php?rest_route=\/wp\/v2\/pages\/887\/revisions"}],"predecessor-version":[{"id":1936,"href":"http:\/\/www.nepomucen.com.pl\/index.php?rest_route=\/wp\/v2\/pages\/887\/revisions\/1936"}],"wp:attachment":[{"href":"http:\/\/www.nepomucen.com.pl\/index.php?rest_route=%2Fwp%2Fv2%2Fmedia&parent=887"}],"curies":[{"name":"wp","href":"https:\/\/api.w.org\/{rel}","templated":true}]}}