{"id":915,"date":"2021-01-06T09:41:20","date_gmt":"2021-01-06T09:41:20","guid":{"rendered":"http:\/\/www.nepomucen.com.pl\/?page_id=915"},"modified":"2024-03-02T18:58:41","modified_gmt":"2024-03-02T18:58:41","slug":"ministranci","status":"publish","type":"page","link":"http:\/\/www.nepomucen.com.pl\/?page_id=915","title":{"rendered":"Ministranci i Ministrantki"},"content":{"rendered":"\n<p class=\"has-text-align-center\"><img decoding=\"async\" class=\"wp-image-206\" style=\"width:300px;\" src=\"https:\/\/sablonprobnydlaparafii.files.wordpress.com\/2021\/01\/fb71f-bez-tytulu5.png\" alt=\"\"><\/p>\n\n\n\n<p class=\"has-text-align-justify\">W naszej parafii pos\u0142uguje ok 26 ministrantek i ministrant\u00f3w oraz czterech animator\u00f3w (kt\u00f3rzy zawsze s\u0105 ch\u0119tni do pomocy!). S\u0142u\u017cb\u0119 liturgiczn\u0105 pe\u0142ni\u0105 ch\u0142opcy i dziewcz\u0119ta. W nasze szeregi przyjmujemy wszystkie ch\u0119tne dzieci. <\/p>\n\n\n\n<p><strong>ZAPRASZAMY WSZYSTKICH MINISTRANT\u00d3W<\/strong> na zbi\u00f3rki <strong>w soboty <\/strong>o godz. 10.00<\/p>\n\n\n\n<p style=\"font-size:21px\"><strong>Kim w og\u00f3le jest ministrant?<\/strong><\/p>\n\n\n\n<div class=\"wp-block-columns is-layout-flex wp-container-core-columns-is-layout-1 wp-block-columns-is-layout-flex\">\n<div class=\"wp-block-column is-layout-flow wp-block-column-is-layout-flow\" style=\"flex-basis:50%\">\n<p><img decoding=\"async\" class=\"wp-image-196\" style=\"width:300px;\" src=\"https:\/\/sablonprobnydlaparafii.files.wordpress.com\/2021\/01\/5e203-bez-tytulu2.png\" alt=\"\"><\/p>\n<\/div>\n\n\n\n<div class=\"wp-block-column is-layout-flow wp-block-column-is-layout-flow\" style=\"flex-basis:50%\">\n<p class=\"has-text-align-justify\">Ministrant to osoba, kt\u00f3ra s\u0142u\u017cy Bogu. S\u0142u\u017cba liturgiczna w oczach Boga jest szczeg\u00f3lnie pi\u0119kna. Do zada\u0144 ministranta nale\u017cy przygotowanie o\u0142tarza przed Msz\u0105 \u015awi\u0119t\u0105 i nabo\u017ce\u0144stwami, pos\u0142uga w czasie liturgii oraz pomoc po zako\u0144czeniu sprawowanej Mszy \u015awi\u0119tej. Postawa ministranta pokazuje wiernym, \u017ce ka\u017cde nabo\u017ce\u0144stwo liturgiczne dotyka wszystkich wiernych, a nie tylko sprawuj\u0105cego je ksi\u0119dza. Ministrant poprzez s\u0142u\u017cb\u0119 daje przyk\u0142ad zebranym wiernym, \u017ce w ka\u017cdej liturgii nale\u017cy bra\u0107 czynny udzia\u0142. Nabo\u017ce\u0144stwa i Msze \u015awi\u0119te nie s\u0105 &#8220;do obejrzenia i wys\u0142uchania&#8221; lecz uczestniczenie w liturgii to przede wszystkim wsp\u00f3\u0142dzia\u0142anie i wsp\u00f3\u0142tworzenie jej poprzez czynne zaanga\u017cowanie.<\/p>\n<\/div>\n<\/div>\n\n\n\n<div class=\"wp-block-columns is-layout-flex wp-container-core-columns-is-layout-2 wp-block-columns-is-layout-flex\">\n<div class=\"wp-block-column is-layout-flow wp-block-column-is-layout-flow\" style=\"flex-basis:66.66%\">\n<p class=\"has-text-align-justify\">Patronami ministrant\u00f3w s\u0105:<br><br>\u015aw. Tarsycjusz <br>\u015aw. Stanis\u0142aw Kostka<br>\u015aw. Alojzy Gonzaga<br>\u015aw. Jan Berchmans<br>\u015aw. Dominik Savio<br>\u015aw. Jan Bosko<br><br>Najbardziej znanym patronem jest jednak \u015bwi\u0119ty Tarsycjusz, kt\u00f3ry \u017cy\u0142 w trzecim wieku. Zgin\u0105\u0142 \u015bmierci\u0105 m\u0119cze\u0144sk\u0105 w obronie Naj\u015bwi\u0119tszego Sakramentu. Jego wspomnienie przypada na dzie\u0144 15 sierpnia, jednak ze wzgl\u0119du na uroczysto\u015b\u0107 Wniebowzi\u0119cia Naj\u015bwi\u0119tszej Marii Panny, w naszej parafii obchodzimy jego wspomnienie 21 listopada.<\/p>\n<\/div>\n\n\n\n<div class=\"wp-block-column is-layout-flow wp-block-column-is-layout-flow\" style=\"flex-basis:33.33%\">\n<p><img decoding=\"async\" class=\"wp-image-202\" style=\"width:200px;\" src=\"https:\/\/sablonprobnydlaparafii.files.wordpress.com\/2021\/01\/66aa0-bez-tytulu1.png\" alt=\"\"><\/p>\n<\/div>\n<\/div>\n\n\n\n<div class=\"wp-block-columns is-layout-flex wp-container-core-columns-is-layout-3 wp-block-columns-is-layout-flex\">\n<div class=\"wp-block-column is-layout-flow wp-block-column-is-layout-flow\" style=\"flex-basis:33.33%\">\n<p><img decoding=\"async\" class=\"wp-image-204\" style=\"width:200px;\" src=\"https:\/\/sablonprobnydlaparafii.files.wordpress.com\/2021\/01\/32c86-bez-tytulu3.png\" alt=\"\"><\/p>\n<\/div>\n\n\n\n<div class=\"wp-block-column is-layout-flow wp-block-column-is-layout-flow\" style=\"flex-basis:66.66%\">\n<p class=\"has-text-align-justify\">Je\u015bli chcesz do\u0142\u0105czy\u0107 w nasze szeregi, to zapraszamy na spotkania <strong>w soboty o godz. 10.00.<\/strong> Podczas spotka\u0144 przygotujemy Ci\u0119 do s\u0142u\u017cby liturgicznej &#8211; dowiesz si\u0119 co wypada, a co nie, b\u0119dziesz m\u00f3g\u0142 pozna\u0107 fachowe s\u0142ownictwo, kt\u00f3rym zagniesz rodzic\u00f3w podczas gry w Scrabble oraz poznasz wielu pomocnych koleg\u00f3w i kole\u017canki. Animatorzy wraz z ksi\u0119dzem proboszczem organizuj\u0105 r\u00f3wnie\u017c ciekawe wycieczki &#8211; byli\u015bmy ju\u017c w parku linowym, w parku trampolin oraz w Katowickiej Katedrze, gdzie co roku uczestniczymy w dniu skupienia dla ministrant\u00f3w naszej diecezji. <\/p>\n<\/div>\n<\/div>\n","protected":false},"excerpt":{"rendered":"<p>W naszej parafii pos\u0142uguje ok 26 ministrantek i ministrant\u00f3w oraz czterech animator\u00f3w (kt\u00f3rzy zawsze s\u0105 ch\u0119tni do pomocy!). S\u0142u\u017cb\u0119 liturgiczn\u0105 pe\u0142ni\u0105 ch\u0142opcy i dziewcz\u0119ta. W nasze szeregi przyjmujemy wszystkie ch\u0119tne dzieci. ZAPRASZAMY WSZYSTKICH MINISTRANT\u00d3W na zbi\u00f3rki w soboty o godz. 10.00 Kim w og\u00f3le jest ministrant? Ministrant to osoba, kt\u00f3ra s\u0142u\u017cy Bogu. S\u0142u\u017cba liturgiczna w &hellip; <a href=\"http:\/\/www.nepomucen.com.pl\/?page_id=915\" class=\"more-link\">Continue reading <span class=\"screen-reader-text\">Ministranci i Ministrantki<\/span><\/a><\/p>\n","protected":false},"author":3,"featured_media":0,"parent":0,"menu_order":0,"comment_status":"closed","ping_status":"closed","template":"","meta":{"footnotes":""},"class_list":["post-915","page","type-page","status-publish","hentry"],"_links":{"self":[{"href":"http:\/\/www.nepomucen.com.pl\/index.php?rest_route=\/wp\/v2\/pages\/915","targetHints":{"allow":["GET"]}}],"collection":[{"href":"http:\/\/www.nepomucen.com.pl\/index.php?rest_route=\/wp\/v2\/pages"}],"about":[{"href":"http:\/\/www.nepomucen.com.pl\/index.php?rest_route=\/wp\/v2\/types\/page"}],"author":[{"embeddable":true,"href":"http:\/\/www.nepomucen.com.pl\/index.php?rest_route=\/wp\/v2\/users\/3"}],"replies":[{"embeddable":true,"href":"http:\/\/www.nepomucen.com.pl\/index.php?rest_route=%2Fwp%2Fv2%2Fcomments&post=915"}],"version-history":[{"count":7,"href":"http:\/\/www.nepomucen.com.pl\/index.php?rest_route=\/wp\/v2\/pages\/915\/revisions"}],"predecessor-version":[{"id":8699,"href":"http:\/\/www.nepomucen.com.pl\/index.php?rest_route=\/wp\/v2\/pages\/915\/revisions\/8699"}],"wp:attachment":[{"href":"http:\/\/www.nepomucen.com.pl\/index.php?rest_route=%2Fwp%2Fv2%2Fmedia&parent=915"}],"curies":[{"name":"wp","href":"https:\/\/api.w.org\/{rel}","templated":true}]}}