{"id":918,"date":"2021-01-06T09:41:36","date_gmt":"2021-01-06T09:41:36","guid":{"rendered":"http:\/\/www.nepomucen.com.pl\/?page_id=918"},"modified":"2026-01-02T19:34:29","modified_gmt":"2026-01-02T19:34:29","slug":"nabozenstwa","status":"publish","type":"page","link":"http:\/\/www.nepomucen.com.pl\/?page_id=918","title":{"rendered":"Nabo\u017ce\u0144stwa"},"content":{"rendered":"\n<div class=\"wp-block-group\"><div class=\"wp-block-group__inner-container is-layout-flow wp-block-group-is-layout-flow\">\n<p><strong>Msze \u015awi\u0119te: <\/strong><\/p>\n\n\n\n<ul class=\"wp-block-list\">\n<li>Niedziela i \u015bwi\u0119ta: <strong>7:30   11:00   15:30<\/strong><\/li>\n\n\n\n<li>Dni powszednie:  <strong>17:00<\/strong>  (opr\u00f3cz wtork\u00f3w i \u015brody)<\/li>\n\n\n\n<li><strong>We wtorki:   8.00<\/strong><\/li>\n\n\n\n<li><strong>W \u015brody &#8211; brak Mszy \u015awi\u0119tych<\/strong><\/li>\n<\/ul>\n<\/div><\/div>\n\n\n\n<p><strong>Adoracja Naj\u015bwi\u0119tszego Sakramentu<\/strong> w ka\u017cd\u0105 sobot\u0119 od 16:30<\/p>\n\n\n\n<p><strong>Spowied\u017a<\/strong> &#8211; 15 minut przed ka\u017cd\u0105 Msz\u0105 \u015awi\u0119t\u0105.<\/p>\n\n\n\n<p><strong>Koronka do Mi\u0142osierdzia Bo\u017cego<\/strong> w trzeci pi\u0105tek miesi\u0105ca.<\/p>\n\n\n\n<p>W przedsionku naszego ko\u015bcio\u0142a mo\u017cna zakupi\u0107 najnowsze numery Go\u015bcia Niedzielnego, Ma\u0142ego Go\u015bcia oraz pozosta\u0142\u0105 pras\u0119 katolick\u0105.<\/p>\n","protected":false},"excerpt":{"rendered":"<p>Msze \u015awi\u0119te: Adoracja Naj\u015bwi\u0119tszego Sakramentu w ka\u017cd\u0105 sobot\u0119 od 16:30 Spowied\u017a &#8211; 15 minut przed ka\u017cd\u0105 Msz\u0105 \u015awi\u0119t\u0105. Koronka do Mi\u0142osierdzia Bo\u017cego w trzeci pi\u0105tek miesi\u0105ca. W przedsionku naszego ko\u015bcio\u0142a mo\u017cna zakupi\u0107 najnowsze numery Go\u015bcia Niedzielnego, Ma\u0142ego Go\u015bcia oraz pozosta\u0142\u0105 pras\u0119 katolick\u0105.<\/p>\n","protected":false},"author":3,"featured_media":0,"parent":0,"menu_order":0,"comment_status":"closed","ping_status":"closed","template":"","meta":{"footnotes":""},"class_list":["post-918","page","type-page","status-publish","hentry"],"_links":{"self":[{"href":"http:\/\/www.nepomucen.com.pl\/index.php?rest_route=\/wp\/v2\/pages\/918","targetHints":{"allow":["GET"]}}],"collection":[{"href":"http:\/\/www.nepomucen.com.pl\/index.php?rest_route=\/wp\/v2\/pages"}],"about":[{"href":"http:\/\/www.nepomucen.com.pl\/index.php?rest_route=\/wp\/v2\/types\/page"}],"author":[{"embeddable":true,"href":"http:\/\/www.nepomucen.com.pl\/index.php?rest_route=\/wp\/v2\/users\/3"}],"replies":[{"embeddable":true,"href":"http:\/\/www.nepomucen.com.pl\/index.php?rest_route=%2Fwp%2Fv2%2Fcomments&post=918"}],"version-history":[{"count":11,"href":"http:\/\/www.nepomucen.com.pl\/index.php?rest_route=\/wp\/v2\/pages\/918\/revisions"}],"predecessor-version":[{"id":12473,"href":"http:\/\/www.nepomucen.com.pl\/index.php?rest_route=\/wp\/v2\/pages\/918\/revisions\/12473"}],"wp:attachment":[{"href":"http:\/\/www.nepomucen.com.pl\/index.php?rest_route=%2Fwp%2Fv2%2Fmedia&parent=918"}],"curies":[{"name":"wp","href":"https:\/\/api.w.org\/{rel}","templated":true}]}}