{"id":925,"date":"2021-01-06T09:46:17","date_gmt":"2021-01-06T09:46:17","guid":{"rendered":"http:\/\/www.nepomucen.com.pl\/?page_id=925"},"modified":"2026-05-01T19:03:44","modified_gmt":"2026-05-01T19:03:44","slug":"ogloszenia","status":"publish","type":"page","link":"http:\/\/www.nepomucen.com.pl\/?page_id=925","title":{"rendered":"Og\u0142oszenia"},"content":{"rendered":"\n<figure class=\"wp-block-image size-large is-resized\"><a href=\"http:\/\/www.nepomucen.com.pl\/wp-content\/uploads\/2021\/02\/Przechwytywanie-4.jpg\"><img loading=\"lazy\" decoding=\"async\" width=\"698\" height=\"387\" src=\"http:\/\/www.nepomucen.com.pl\/wp-content\/uploads\/2021\/02\/Przechwytywanie-4.jpg\" alt=\"\" class=\"wp-image-2017\" style=\"aspect-ratio:1.8089171974522293;width:516px;height:auto\" srcset=\"http:\/\/www.nepomucen.com.pl\/wp-content\/uploads\/2021\/02\/Przechwytywanie-4.jpg 698w, http:\/\/www.nepomucen.com.pl\/wp-content\/uploads\/2021\/02\/Przechwytywanie-4-300x166.jpg 300w\" sizes=\"auto, (max-width: 698px) 100vw, 698px\" \/><\/a><\/figure>\n\n\n\n<ul class=\"wp-block-list\">\n<li>Kolekta przysz\u0142ej niedzieli b\u0119dzie przeznaczona na Wy\u017csze \u015al\u0105skie Seminarium Duchowne w Katowicach.<\/li>\n\n\n\n<li>W tym tygodniu przypada I czwartek miesi\u0105ca.<\/li>\n\n\n\n<li>W sobot\u0119 od godz.9.00<strong> <\/strong>spowied\u017a dzieci i rodzic\u00f3w przed uroczysto\u015bci\u0105 I Komunii \u015awi\u0119tej.<\/li>\n\n\n\n<li>W przysz\u0142\u0105 niedziel\u0119 Msze \u015awi\u0119te o godz. <strong>7.30 i 10.45.<\/strong><\/li>\n\n\n\n<li>Zach\u0119camy wiernych do uczestnictwa w nabo\u017ce\u0144stwach majowych, odprawianych w tygodniu po Mszach \u015awi\u0119tych (w soboty przy grocie).<\/li>\n\n\n\n<li>Ks. Proboszcz Kazimierz Czempiel serdecznie zaprasza na pielgrzymk\u0119 ziemi rybnicko-wodzis\u0142awskiej do Jankowickiej Studzienki. Uroczysto\u015b\u0107 odb\u0119dzie si\u0119 w dniu 10 maja 2026 roku. Centralnym punktem spotkania b\u0119dzie Msza \u015awi\u0119ta o godz. 16:00, kt\u00f3rej b\u0119dzie przewodniczy\u0142 arcybiskup Andrzej Przybylski. To szczeg\u00f3lna okazja do wsp\u00f3lnej modlitwy w miejscu g\u0142\u0119boko zakorzenionym w duchowej tradycji regionu, po\u015br\u00f3d pi\u0119kna natury i ciszy sprzyjaj\u0105cej refleksji.<\/li>\n\n\n\n<li>Z ty\u0142u ko\u015bcio\u0142a mo\u017cliwo\u015b\u0107 nabycia prasy katolickiej &#8211; \u201eGo\u015b\u0107 Niedzielny\u201d&nbsp; w cenie 10 z\u0142\u2019&nbsp; \u201eMa\u0142y Go\u015b\u0107\u201d w cenie 10 z\u0142, jest tak\u017ce nowe wydanie dwumiesi\u0119cznika &#8220;Historia Ko\u015bcio\u0142a&#8221; w cenie 14 z\u0142.<\/li>\n\n\n\n<li>W sobot\u0119, 9 maja zapraszamy do sprz\u0105tania ko\u015bcio\u0142a i jego obej\u015bcia &nbsp;rodzic\u00f3w dzieci, kt\u00f3re w przysz\u0142ym 2027 roku przyst\u0105pi\u0105 do I Komunii \u015awi\u0119tej.<\/li>\n<\/ul>\n\n\n\n<p><\/p>\n","protected":false},"excerpt":{"rendered":"","protected":false},"author":3,"featured_media":0,"parent":0,"menu_order":0,"comment_status":"closed","ping_status":"closed","template":"","meta":{"footnotes":""},"class_list":["post-925","page","type-page","status-publish","hentry"],"_links":{"self":[{"href":"http:\/\/www.nepomucen.com.pl\/index.php?rest_route=\/wp\/v2\/pages\/925","targetHints":{"allow":["GET"]}}],"collection":[{"href":"http:\/\/www.nepomucen.com.pl\/index.php?rest_route=\/wp\/v2\/pages"}],"about":[{"href":"http:\/\/www.nepomucen.com.pl\/index.php?rest_route=\/wp\/v2\/types\/page"}],"author":[{"embeddable":true,"href":"http:\/\/www.nepomucen.com.pl\/index.php?rest_route=\/wp\/v2\/users\/3"}],"replies":[{"embeddable":true,"href":"http:\/\/www.nepomucen.com.pl\/index.php?rest_route=%2Fwp%2Fv2%2Fcomments&post=925"}],"version-history":[{"count":527,"href":"http:\/\/www.nepomucen.com.pl\/index.php?rest_route=\/wp\/v2\/pages\/925\/revisions"}],"predecessor-version":[{"id":13017,"href":"http:\/\/www.nepomucen.com.pl\/index.php?rest_route=\/wp\/v2\/pages\/925\/revisions\/13017"}],"wp:attachment":[{"href":"http:\/\/www.nepomucen.com.pl\/index.php?rest_route=%2Fwp%2Fv2%2Fmedia&parent=925"}],"curies":[{"name":"wp","href":"https:\/\/api.w.org\/{rel}","templated":true}]}}