{"id":927,"date":"2021-01-06T09:49:19","date_gmt":"2021-01-06T09:49:19","guid":{"rendered":"http:\/\/www.nepomucen.com.pl\/?page_id=927"},"modified":"2026-05-03T09:43:37","modified_gmt":"2026-05-03T09:43:37","slug":"intencje-mszalne","status":"publish","type":"page","link":"http:\/\/www.nepomucen.com.pl\/?page_id=927","title":{"rendered":"Intencje Mszalne"},"content":{"rendered":"<h3><strong>V Niedziela Wielkanocy<\/strong> <strong>\u2013 03.05.2026 \u00a0<\/strong><\/h3>\n\n\n<p>07.30 Za ++ Aniel\u0119, Jana Nosiadek.<\/p>\n\n\n\n<p>11.00 Za + Hildegard\u0119 Kotula.<\/p>\n\n\n\n<p>15.00 <strong>Nabo\u017ce\u0144stwo majowe.<\/strong><\/p>\n\n\n\n<p>15.30 O Bo\u017ce b\u0142ogos\u0142awie\u0144stwo i zdrowie w intencji Jolanty i Krzysztofa Klimek z okazji 40 rocznicy \u015blubu.<\/p>\n\n\n<h3><strong>Poniedzia\u0142ek \u2013 04.05.2026\u00a0\u00a0\u00a0 <\/strong><\/h3>\n\n\n<p>17.00 Za + Kamila Piecha o dar nieba od rodzin Kami\u0144ski, Paj\u0105czek<br>i Czenczek.<\/p>\n\n\n\n<p>Nabo\u017ce\u0144stwo majowe.<\/p>\n\n\n<h3><strong>Wtorek \u2013 05.05.2026\u00a0\u00a0 <\/strong><\/h3>\n\n\n<p>08.00 Za parafian.<\/p>\n\n\n\n<p>Nabo\u017ce\u0144stwo majowe.<\/p>\n\n\n<h3><strong>I Czwartek miesi\u0105ca \u2013 07.05.2026<\/strong><\/h3>\n\n\n<p>17.00<strong> <\/strong>Za + El\u017cbiet\u0119 Matysik w 5 rocznic\u0119 \u015bmierci.<\/p>\n\n\n\n<p>Nabo\u017ce\u0144stwo majowe.<\/p>\n\n\n<h3><strong>Pi\u0105tek \u2013 08.05.2026<\/strong><\/h3>\n\n\n<p><em>Uroczysto\u015b\u0107 \u015bw. Stanis\u0142awa, biskupa i m\u0119czennika, g\u0142\u00f3wnego patrona Polski.<\/em><\/p>\n\n\n\n<p>17.00 Za ++ Aniel\u0119 Piecha, m\u0119\u017ca Stefana.<\/p>\n\n\n\n<p>Nabo\u017ce\u0144stwo majowe.&nbsp;&nbsp; &nbsp;<\/p>\n\n\n<h3><strong>Sobota \u2013 09.05.2026 <\/strong><\/h3>\n\n\n<p>09.00 Spowied\u017a dzieci i rodzic\u00f3w przed uroczysto\u015bci\u0105 I Komunii \u015awi\u0119tej.<\/p>\n\n\n\n<p>16.30 Adoracja Naj\u015bwi\u0119tszego Sakramentu.<\/p>\n\n\n\n<p>17.00<\/p>\n\n\n\n<p>1) Za ++ Krystyn\u0119, Stanis\u0142awa Gaszka, Ann\u0119 Wieczorek, dw\u00f3ch m\u0119\u017c\u00f3w.<\/p>\n\n\n\n<p>2) W intencji Stra\u017cak\u00f3w OSP Chwa\u0142\u0119cice o b\u0142ogos\u0142awie\u0144stwo Bo\u017ce i opiek\u0119 \u015bw. Floriana.<\/p>\n\n\n\n<p>Nabo\u017ce\u0144stwo majowe przy grocie.<\/p>\n\n\n<h3><strong>VI Niedziela Wielkanocy<\/strong> <strong>\u2013 10.05.2026 \u00a0<\/strong><\/h3>\n\n\n<p>07.30 Za + Dorot\u0119 Magiera w 5 rocznic\u0119 \u015bmierci, m\u0119\u017ca Konrada i dw\u00f3ch syn\u00f3w.<\/p>\n\n\n\n<p>10.45 Uroczysto\u015b\u0107 I Komunii \u015awi\u0119tej z nabo\u017ce\u0144stwem komunijnym po Mszy \u015awi\u0119tej.<\/p>\n","protected":false},"excerpt":{"rendered":"<p>V Niedziela Wielkanocy \u2013 03.05.2026 \u00a0 07.30 Za ++ Aniel\u0119, Jana Nosiadek. 11.00 Za + Hildegard\u0119 Kotula. 15.00 Nabo\u017ce\u0144stwo majowe. 15.30 O Bo\u017ce b\u0142ogos\u0142awie\u0144stwo i zdrowie w intencji Jolanty i Krzysztofa Klimek z okazji 40 rocznicy \u015blubu. Poniedzia\u0142ek \u2013 04.05.2026\u00a0\u00a0\u00a0 17.00 Za + Kamila Piecha o dar nieba od rodzin Kami\u0144ski, Paj\u0105czeki Czenczek. Nabo\u017ce\u0144stwo majowe. &hellip; <a href=\"http:\/\/www.nepomucen.com.pl\/?page_id=927\" class=\"more-link\">Continue reading <span class=\"screen-reader-text\">Intencje Mszalne<\/span><\/a><\/p>\n","protected":false},"author":3,"featured_media":0,"parent":0,"menu_order":0,"comment_status":"closed","ping_status":"closed","template":"","meta":{"footnotes":""},"class_list":["post-927","page","type-page","status-publish","hentry"],"_links":{"self":[{"href":"http:\/\/www.nepomucen.com.pl\/index.php?rest_route=\/wp\/v2\/pages\/927","targetHints":{"allow":["GET"]}}],"collection":[{"href":"http:\/\/www.nepomucen.com.pl\/index.php?rest_route=\/wp\/v2\/pages"}],"about":[{"href":"http:\/\/www.nepomucen.com.pl\/index.php?rest_route=\/wp\/v2\/types\/page"}],"author":[{"embeddable":true,"href":"http:\/\/www.nepomucen.com.pl\/index.php?rest_route=\/wp\/v2\/users\/3"}],"replies":[{"embeddable":true,"href":"http:\/\/www.nepomucen.com.pl\/index.php?rest_route=%2Fwp%2Fv2%2Fcomments&post=927"}],"version-history":[{"count":860,"href":"http:\/\/www.nepomucen.com.pl\/index.php?rest_route=\/wp\/v2\/pages\/927\/revisions"}],"predecessor-version":[{"id":13024,"href":"http:\/\/www.nepomucen.com.pl\/index.php?rest_route=\/wp\/v2\/pages\/927\/revisions\/13024"}],"wp:attachment":[{"href":"http:\/\/www.nepomucen.com.pl\/index.php?rest_route=%2Fwp%2Fv2%2Fmedia&parent=927"}],"curies":[{"name":"wp","href":"https:\/\/api.w.org\/{rel}","templated":true}]}}