{"id":929,"date":"2021-01-06T10:29:19","date_gmt":"2021-01-06T10:29:19","guid":{"rendered":"http:\/\/www.nepomucen.com.pl\/?page_id=929"},"modified":"2021-12-16T18:08:52","modified_gmt":"2021-12-16T18:08:52","slug":"historia","status":"publish","type":"page","link":"http:\/\/www.nepomucen.com.pl\/?page_id=929","title":{"rendered":"Z \u017cycia parafii"},"content":{"rendered":"\n<figure class=\"wp-block-table\"><table><tbody><tr><td><a href=\"http:\/\/www.nepomucen.com.pl\/?page_id=889\" data-type=\"URL\" data-id=\"http:\/\/www.nepomucen.com.pl\/?page_id=889\">Historia parafii<\/a><\/td><\/tr><tr><td><a href=\"http:\/\/www.nepomucen.com.pl\/?page_id=1136\">Kap\u0142ani pos\u0142uguj\u0105cy w parafii<\/a><\/td><\/tr><tr><td><a href=\"http:\/\/www.nepomucen.com.pl\/?page_id=885\" data-type=\"URL\" data-id=\"http:\/\/www.nepomucen.com.pl\/?page_id=885\">Relikwie<\/a><\/td><\/tr><tr><td><a href=\"http:\/\/www.nepomucen.com.pl\/?page_id=887\" data-type=\"URL\" data-id=\"http:\/\/www.nepomucen.com.pl\/?page_id=887\">\u015awi\u0119ty Jan Nepomucen<\/a><\/td><\/tr><tr><td><a href=\"http:\/\/www.nepomucen.com.pl\/?page_id=1568\" data-type=\"URL\">Msza na wodzie<\/a><\/td><\/tr><tr><td><a href=\"http:\/\/www.nepomucen.com.pl\/?page_id=3944\">\u017bywa stajenka<\/a><\/td><\/tr><tr><td><a href=\"http:\/\/www.nepomucen.com.pl\/?page_id=1152\" data-type=\"URL\" data-id=\"http:\/\/www.nepomucen.com.pl\/?page_id=1152\">\u015awiatowe Dni M\u0142odzie\u017cy 2016<\/a><\/td><\/tr><tr><td><a href=\"http:\/\/www.nepomucen.com.pl\/?page_id=1364\" data-type=\"URL\" data-id=\"http:\/\/www.nepomucen.com.pl\/?page_id=1364\">Nasz ksi\u0105dz Proboszcz<\/a><\/td><\/tr><tr><td><a href=\"http:\/\/www.nepomucen.com.pl\/?page_id=1590\" data-type=\"URL\" data-id=\"http:\/\/www.nepomucen.com.pl\/?page_id=1590\">Dzwony<\/a><\/td><\/tr><tr><td><a href=\"http:\/\/www.nepomucen.com.pl\/?page_id=1895\" data-type=\"URL\" data-id=\"http:\/\/www.nepomucen.com.pl\/?page_id=1895\">Zdj\u0119cia z budowy ko\u015bcio\u0142a<\/a><\/td><\/tr><tr><td><a href=\"http:\/\/www.nepomucen.com.pl\/?page_id=2352\">Kapliczka pod wezwaniem \u015bw. Jana Nepomucena<\/a><\/td><\/tr><tr><td><a href=\"http:\/\/www.nepomucen.com.pl\/?page_id=3871\">Pielgrzymka do Medjugorje 2021<\/a><\/td><\/tr><\/tbody><\/table><\/figure>\n","protected":false},"excerpt":{"rendered":"<p>Historia parafii Kap\u0142ani pos\u0142uguj\u0105cy w parafii Relikwie \u015awi\u0119ty Jan Nepomucen Msza na wodzie \u017bywa stajenka \u015awiatowe Dni M\u0142odzie\u017cy 2016 Nasz ksi\u0105dz Proboszcz Dzwony Zdj\u0119cia z budowy ko\u015bcio\u0142a Kapliczka pod wezwaniem \u015bw. Jana Nepomucena Pielgrzymka do Medjugorje 2021<\/p>\n","protected":false},"author":3,"featured_media":0,"parent":0,"menu_order":0,"comment_status":"closed","ping_status":"closed","template":"","meta":{"footnotes":""},"class_list":["post-929","page","type-page","status-publish","hentry"],"_links":{"self":[{"href":"http:\/\/www.nepomucen.com.pl\/index.php?rest_route=\/wp\/v2\/pages\/929","targetHints":{"allow":["GET"]}}],"collection":[{"href":"http:\/\/www.nepomucen.com.pl\/index.php?rest_route=\/wp\/v2\/pages"}],"about":[{"href":"http:\/\/www.nepomucen.com.pl\/index.php?rest_route=\/wp\/v2\/types\/page"}],"author":[{"embeddable":true,"href":"http:\/\/www.nepomucen.com.pl\/index.php?rest_route=\/wp\/v2\/users\/3"}],"replies":[{"embeddable":true,"href":"http:\/\/www.nepomucen.com.pl\/index.php?rest_route=%2Fwp%2Fv2%2Fcomments&post=929"}],"version-history":[{"count":14,"href":"http:\/\/www.nepomucen.com.pl\/index.php?rest_route=\/wp\/v2\/pages\/929\/revisions"}],"predecessor-version":[{"id":3961,"href":"http:\/\/www.nepomucen.com.pl\/index.php?rest_route=\/wp\/v2\/pages\/929\/revisions\/3961"}],"wp:attachment":[{"href":"http:\/\/www.nepomucen.com.pl\/index.php?rest_route=%2Fwp%2Fv2%2Fmedia&parent=929"}],"curies":[{"name":"wp","href":"https:\/\/api.w.org\/{rel}","templated":true}]}}