{"id":9689,"date":"2024-10-20T19:48:48","date_gmt":"2024-10-20T19:48:48","guid":{"rendered":"http:\/\/www.nepomucen.com.pl\/?page_id=9689"},"modified":"2024-12-08T13:31:03","modified_gmt":"2024-12-08T13:31:03","slug":"lokalna-spolecznosc","status":"publish","type":"page","link":"http:\/\/www.nepomucen.com.pl\/?page_id=9689","title":{"rendered":"Lokalna spo\u0142eczno\u015b\u0107"},"content":{"rendered":"\n<p>Poni\u017cej zosta\u0142y przedstawione ostatnie dzia\u0142ania, kt\u00f3re odby\u0142y si\u0119 lub odb\u0119d\u0105 si\u0119 w Chwa\u0142\u0119cicach. W naszej dzielnicy lokalna spo\u0142eczno\u015b\u0107 pr\u0119\u017cnie dzia\u0142a w wielu dziedzinach, ka\u017cda osoba zainteresowana znajdzie miejsce dla siebie, dzi\u0119ki kt\u00f3remu b\u0119dzie mog\u0142a rozwija\u0107 swoje talenty by przez nie otwiera\u0107 si\u0119 na drugiego cz\u0142owieka i nie\u015b\u0107 pomoc potrzebuj\u0105cym.<\/p>\n\n\n\n<hr class=\"wp-block-separator\"\/>\n\n\n\n<h2 class=\"wp-block-heading\">Warsztaty makramy <\/h2>\n\n\n\n<figure class=\"wp-block-image size-full\"><a href=\"http:\/\/www.nepomucen.com.pl\/wp-content\/uploads\/2024\/12\/IMG_9221.jpeg\"><img loading=\"lazy\" decoding=\"async\" width=\"940\" height=\"788\" src=\"http:\/\/www.nepomucen.com.pl\/wp-content\/uploads\/2024\/12\/IMG_9221.jpeg\" alt=\"\" class=\"wp-image-9876\" srcset=\"http:\/\/www.nepomucen.com.pl\/wp-content\/uploads\/2024\/12\/IMG_9221.jpeg 940w, http:\/\/www.nepomucen.com.pl\/wp-content\/uploads\/2024\/12\/IMG_9221-300x251.jpeg 300w, http:\/\/www.nepomucen.com.pl\/wp-content\/uploads\/2024\/12\/IMG_9221-768x644.jpeg 768w\" sizes=\"auto, (max-width: 940px) 100vw, 940px\" \/><\/a><\/figure>\n\n\n\n<hr class=\"wp-block-separator\"\/>\n\n\n\n<h2 class=\"wp-block-heading\">Wymiana odzie\u017cy jesie\u0144-zima w CAL<\/h2>\n\n\n\n<figure class=\"wp-block-image size-large\"><a href=\"http:\/\/www.nepomucen.com.pl\/wp-content\/uploads\/2024\/11\/IMG_8537.jpeg\"><img loading=\"lazy\" decoding=\"async\" width=\"724\" height=\"1024\" src=\"http:\/\/www.nepomucen.com.pl\/wp-content\/uploads\/2024\/11\/IMG_8537-724x1024.jpeg\" alt=\"\" class=\"wp-image-9810\" srcset=\"http:\/\/www.nepomucen.com.pl\/wp-content\/uploads\/2024\/11\/IMG_8537-724x1024.jpeg 724w, http:\/\/www.nepomucen.com.pl\/wp-content\/uploads\/2024\/11\/IMG_8537-212x300.jpeg 212w, http:\/\/www.nepomucen.com.pl\/wp-content\/uploads\/2024\/11\/IMG_8537-768x1086.jpeg 768w, http:\/\/www.nepomucen.com.pl\/wp-content\/uploads\/2024\/11\/IMG_8537-1086x1536.jpeg 1086w, http:\/\/www.nepomucen.com.pl\/wp-content\/uploads\/2024\/11\/IMG_8537.jpeg 1448w\" sizes=\"auto, (max-width: 724px) 100vw, 724px\" \/><\/a><\/figure>\n\n\n\n<hr class=\"wp-block-separator\"\/>\n\n\n\n<h2 class=\"wp-block-heading\">Biesiada Chwa\u0142\u0119cicka z okazji Narodowego \u015awi\u0119ta Niepodleg\u0142o\u015bci<\/h2>\n\n\n\n<figure class=\"wp-block-image size-large\"><a href=\"http:\/\/www.nepomucen.com.pl\/wp-content\/uploads\/2024\/11\/fe84135d-b4c5-462c-8dfd-dc73444272ea.jpeg\"><img loading=\"lazy\" decoding=\"async\" width=\"805\" height=\"1024\" src=\"http:\/\/www.nepomucen.com.pl\/wp-content\/uploads\/2024\/11\/fe84135d-b4c5-462c-8dfd-dc73444272ea-805x1024.jpeg\" alt=\"\" class=\"wp-image-9738\" srcset=\"http:\/\/www.nepomucen.com.pl\/wp-content\/uploads\/2024\/11\/fe84135d-b4c5-462c-8dfd-dc73444272ea-805x1024.jpeg 805w, http:\/\/www.nepomucen.com.pl\/wp-content\/uploads\/2024\/11\/fe84135d-b4c5-462c-8dfd-dc73444272ea-236x300.jpeg 236w, http:\/\/www.nepomucen.com.pl\/wp-content\/uploads\/2024\/11\/fe84135d-b4c5-462c-8dfd-dc73444272ea-768x977.jpeg 768w, http:\/\/www.nepomucen.com.pl\/wp-content\/uploads\/2024\/11\/fe84135d-b4c5-462c-8dfd-dc73444272ea-1207x1536.jpeg 1207w, http:\/\/www.nepomucen.com.pl\/wp-content\/uploads\/2024\/11\/fe84135d-b4c5-462c-8dfd-dc73444272ea.jpeg 1572w\" sizes=\"auto, (max-width: 805px) 100vw, 805px\" \/><\/a><\/figure>\n\n\n\n<hr class=\"wp-block-separator\"\/>\n\n\n\n<h2 class=\"wp-block-heading\">Warsztaty z upraw ro\u015blin cebulkowych &#8211; Lasagna Kwiatowa<\/h2>\n\n\n\n<figure class=\"wp-block-image size-full is-resized\"><a href=\"http:\/\/www.nepomucen.com.pl\/wp-content\/uploads\/2024\/11\/IMG_8359.jpeg\"><img loading=\"lazy\" decoding=\"async\" src=\"http:\/\/www.nepomucen.com.pl\/wp-content\/uploads\/2024\/11\/IMG_8359.jpeg\" alt=\"\" class=\"wp-image-9739\" width=\"352\" height=\"294\" srcset=\"http:\/\/www.nepomucen.com.pl\/wp-content\/uploads\/2024\/11\/IMG_8359.jpeg 940w, http:\/\/www.nepomucen.com.pl\/wp-content\/uploads\/2024\/11\/IMG_8359-300x251.jpeg 300w, http:\/\/www.nepomucen.com.pl\/wp-content\/uploads\/2024\/11\/IMG_8359-768x644.jpeg 768w\" sizes=\"auto, (max-width: 352px) 100vw, 352px\" \/><\/a><\/figure>\n\n\n\n<hr class=\"wp-block-separator\"\/>\n\n\n\n<h2 class=\"wp-block-heading\">Otwarcie budynku CAL-u po remoncie<\/h2>\n\n\n\n<figure class=\"wp-block-image size-large\"><a href=\"http:\/\/www.nepomucen.com.pl\/wp-content\/uploads\/2024\/10\/IMG_7843.jpeg\"><img loading=\"lazy\" decoding=\"async\" width=\"724\" height=\"1024\" src=\"http:\/\/www.nepomucen.com.pl\/wp-content\/uploads\/2024\/10\/IMG_7843-724x1024.jpeg\" alt=\"\" class=\"wp-image-9695\" srcset=\"http:\/\/www.nepomucen.com.pl\/wp-content\/uploads\/2024\/10\/IMG_7843-724x1024.jpeg 724w, http:\/\/www.nepomucen.com.pl\/wp-content\/uploads\/2024\/10\/IMG_7843-212x300.jpeg 212w, http:\/\/www.nepomucen.com.pl\/wp-content\/uploads\/2024\/10\/IMG_7843-768x1086.jpeg 768w, http:\/\/www.nepomucen.com.pl\/wp-content\/uploads\/2024\/10\/IMG_7843-1086x1536.jpeg 1086w, http:\/\/www.nepomucen.com.pl\/wp-content\/uploads\/2024\/10\/IMG_7843.jpeg 1448w\" sizes=\"auto, (max-width: 724px) 100vw, 724px\" \/><\/a><\/figure>\n\n\n\n<hr class=\"wp-block-separator\"\/>\n\n\n\n<h2 class=\"wp-block-heading\">Wernisa\u017c Pani Brygidy Przyby\u0142y<\/h2>\n\n\n\n<figure class=\"wp-block-image size-full\"><a href=\"http:\/\/www.nepomucen.com.pl\/wp-content\/uploads\/2024\/10\/IMG_7844.jpeg\"><img loading=\"lazy\" decoding=\"async\" width=\"682\" height=\"960\" src=\"http:\/\/www.nepomucen.com.pl\/wp-content\/uploads\/2024\/10\/IMG_7844.jpeg\" alt=\"\" class=\"wp-image-9696\" srcset=\"http:\/\/www.nepomucen.com.pl\/wp-content\/uploads\/2024\/10\/IMG_7844.jpeg 682w, http:\/\/www.nepomucen.com.pl\/wp-content\/uploads\/2024\/10\/IMG_7844-213x300.jpeg 213w\" sizes=\"auto, (max-width: 682px) 100vw, 682px\" \/><\/a><\/figure>\n\n\n\n<hr class=\"wp-block-separator\"\/>\n\n\n\n<h2 class=\"wp-block-heading\">Bud\u017cet obywatelski<\/h2>\n\n\n\n<figure class=\"wp-block-image size-large\"><a href=\"http:\/\/www.nepomucen.com.pl\/wp-content\/uploads\/2024\/10\/IMG_7846.jpeg\"><img loading=\"lazy\" decoding=\"async\" width=\"578\" height=\"1024\" src=\"http:\/\/www.nepomucen.com.pl\/wp-content\/uploads\/2024\/10\/IMG_7846-578x1024.jpeg\" alt=\"\" class=\"wp-image-9697\" srcset=\"http:\/\/www.nepomucen.com.pl\/wp-content\/uploads\/2024\/10\/IMG_7846-578x1024.jpeg 578w, http:\/\/www.nepomucen.com.pl\/wp-content\/uploads\/2024\/10\/IMG_7846-169x300.jpeg 169w, http:\/\/www.nepomucen.com.pl\/wp-content\/uploads\/2024\/10\/IMG_7846-768x1360.jpeg 768w, http:\/\/www.nepomucen.com.pl\/wp-content\/uploads\/2024\/10\/IMG_7846-867x1536.jpeg 867w, http:\/\/www.nepomucen.com.pl\/wp-content\/uploads\/2024\/10\/IMG_7846.jpeg 1080w\" sizes=\"auto, (max-width: 578px) 100vw, 578px\" \/><\/a><\/figure>\n\n\n\n<hr class=\"wp-block-separator\"\/>\n\n\n\n<h2 class=\"wp-block-heading\">Warsztaty robienia r\u00f3\u017ca\u0144c\u00f3w z koralik\u00f3w<\/h2>\n\n\n\n<figure class=\"wp-block-image size-large is-resized\"><a href=\"http:\/\/www.nepomucen.com.pl\/wp-content\/uploads\/2024\/10\/IMG_7847.jpeg\"><img loading=\"lazy\" decoding=\"async\" src=\"http:\/\/www.nepomucen.com.pl\/wp-content\/uploads\/2024\/10\/IMG_7847-724x1024.jpeg\" alt=\"\" class=\"wp-image-9698\" width=\"436\" height=\"616\" srcset=\"http:\/\/www.nepomucen.com.pl\/wp-content\/uploads\/2024\/10\/IMG_7847-724x1024.jpeg 724w, http:\/\/www.nepomucen.com.pl\/wp-content\/uploads\/2024\/10\/IMG_7847-212x300.jpeg 212w, http:\/\/www.nepomucen.com.pl\/wp-content\/uploads\/2024\/10\/IMG_7847-768x1086.jpeg 768w, http:\/\/www.nepomucen.com.pl\/wp-content\/uploads\/2024\/10\/IMG_7847-1086x1536.jpeg 1086w, http:\/\/www.nepomucen.com.pl\/wp-content\/uploads\/2024\/10\/IMG_7847.jpeg 1448w\" sizes=\"auto, (max-width: 436px) 100vw, 436px\" \/><\/a><\/figure>\n","protected":false},"excerpt":{"rendered":"<p>Poni\u017cej zosta\u0142y przedstawione ostatnie dzia\u0142ania, kt\u00f3re odby\u0142y si\u0119 lub odb\u0119d\u0105 si\u0119 w Chwa\u0142\u0119cicach. W naszej dzielnicy lokalna spo\u0142eczno\u015b\u0107 pr\u0119\u017cnie dzia\u0142a w wielu dziedzinach, ka\u017cda osoba zainteresowana znajdzie miejsce dla siebie, dzi\u0119ki kt\u00f3remu b\u0119dzie mog\u0142a rozwija\u0107 swoje talenty by przez nie otwiera\u0107 si\u0119 na drugiego cz\u0142owieka i nie\u015b\u0107 pomoc potrzebuj\u0105cym. Warsztaty makramy Wymiana odzie\u017cy jesie\u0144-zima w &hellip; <a href=\"http:\/\/www.nepomucen.com.pl\/?page_id=9689\" class=\"more-link\">Continue reading <span class=\"screen-reader-text\">Lokalna spo\u0142eczno\u015b\u0107<\/span><\/a><\/p>\n","protected":false},"author":3,"featured_media":0,"parent":0,"menu_order":0,"comment_status":"closed","ping_status":"closed","template":"","meta":{"footnotes":""},"class_list":["post-9689","page","type-page","status-publish","hentry"],"_links":{"self":[{"href":"http:\/\/www.nepomucen.com.pl\/index.php?rest_route=\/wp\/v2\/pages\/9689","targetHints":{"allow":["GET"]}}],"collection":[{"href":"http:\/\/www.nepomucen.com.pl\/index.php?rest_route=\/wp\/v2\/pages"}],"about":[{"href":"http:\/\/www.nepomucen.com.pl\/index.php?rest_route=\/wp\/v2\/types\/page"}],"author":[{"embeddable":true,"href":"http:\/\/www.nepomucen.com.pl\/index.php?rest_route=\/wp\/v2\/users\/3"}],"replies":[{"embeddable":true,"href":"http:\/\/www.nepomucen.com.pl\/index.php?rest_route=%2Fwp%2Fv2%2Fcomments&post=9689"}],"version-history":[{"count":6,"href":"http:\/\/www.nepomucen.com.pl\/index.php?rest_route=\/wp\/v2\/pages\/9689\/revisions"}],"predecessor-version":[{"id":9877,"href":"http:\/\/www.nepomucen.com.pl\/index.php?rest_route=\/wp\/v2\/pages\/9689\/revisions\/9877"}],"wp:attachment":[{"href":"http:\/\/www.nepomucen.com.pl\/index.php?rest_route=%2Fwp%2Fv2%2Fmedia&parent=9689"}],"curies":[{"name":"wp","href":"https:\/\/api.w.org\/{rel}","templated":true}]}}